{"id":874,"date":"2022-12-14T12:35:33","date_gmt":"2022-12-14T11:35:33","guid":{"rendered":"https:\/\/woo.smartcobotix.com\/?page_id=874"},"modified":"2022-12-14T16:10:40","modified_gmt":"2022-12-14T15:10:40","slug":"cobots-universal-robots","status":"publish","type":"page","link":"https:\/\/smartcobotix.com\/?page_id=874","title":{"rendered":"Cobots &#8211; Universal Robots"},"content":{"rendered":"<p><img decoding=\"async\" loading=\"lazy\" src=\"https:\/\/smartcobotix.com\/wp-content\/uploads\/2022\/03\/Berufsschule-Muenchen_UR3-300x200.jpg\" alt=\"\" class=\"size-medium wp-image-273 alignright\" width=\"300\" height=\"200\" srcset=\"https:\/\/smartcobotix.com\/wp-content\/uploads\/2022\/03\/Berufsschule-Muenchen_UR3-300x200.jpg 300w, https:\/\/smartcobotix.com\/wp-content\/uploads\/2022\/03\/Berufsschule-Muenchen_UR3-600x400.jpg 600w, https:\/\/smartcobotix.com\/wp-content\/uploads\/2022\/03\/Berufsschule-Muenchen_UR3-768x512.jpg 768w, https:\/\/smartcobotix.com\/wp-content\/uploads\/2022\/03\/Berufsschule-Muenchen_UR3-360x240.jpg 360w, https:\/\/smartcobotix.com\/wp-content\/uploads\/2022\/03\/Berufsschule-Muenchen_UR3.jpg 950w\" sizes=\"(max-width: 300px) 100vw, 300px\" \/>Unsere Roboter sind kollaborierende Leichtbauroboter (kurz: Cobots) vom Hersteller Universal Robots aus D\u00e4nemark.<\/p>\n<p>Die Cobots oder Leichtbauroboter lassen sich intuitiv handhaben und m\u00fchelos in Ihre bestehende Fertigung integrieren. Daf\u00fcr verf\u00fcgen Cobots \u00fcber eine grafische Bedienoberfl\u00e4che und eine geringe Stellfl\u00e4che. Nach erfolgreich abgeschlossener Risikobeurteilung k\u00f6nnen Cobots sogar schutzzaunlos neben oder mit dem Menschen arbeiten. All diese Vorteile machen die Technologie f\u00fcr Unternehmen jeder Branche und Gr\u00f6\u00dfe zu einer echten Option, um vielf\u00e4ltige Anwendungen einfach zu automatisieren.<\/p>\n<p><strong>Roboterauswahl<\/strong><\/p>\n<p>Universal Robots bietet 4 Baugr\u00f6\u00dfen zur Auswahl, den Kompakten UR3e mit 3kg Traglast und einer Reichweite von 500mm.<\/p>\n<p><img decoding=\"async\" loading=\"lazy\" src=\"https:\/\/smartcobotix.com\/wp-content\/uploads\/2022\/03\/Roboter_UR3e_UR5e_UR10e_UR16e-1024x228.png\" alt=\"\" class=\"aligncenter wp-image-272 size-large\" width=\"750\" height=\"167\" srcset=\"https:\/\/smartcobotix.com\/wp-content\/uploads\/2022\/03\/Roboter_UR3e_UR5e_UR10e_UR16e-1024x228.png 1024w, https:\/\/smartcobotix.com\/wp-content\/uploads\/2022\/03\/Roboter_UR3e_UR5e_UR10e_UR16e-600x134.png 600w, https:\/\/smartcobotix.com\/wp-content\/uploads\/2022\/03\/Roboter_UR3e_UR5e_UR10e_UR16e-300x67.png 300w, https:\/\/smartcobotix.com\/wp-content\/uploads\/2022\/03\/Roboter_UR3e_UR5e_UR10e_UR16e-768x171.png 768w, https:\/\/smartcobotix.com\/wp-content\/uploads\/2022\/03\/Roboter_UR3e_UR5e_UR10e_UR16e.png 1148w\" sizes=\"(max-width: 750px) 100vw, 750px\" \/><\/p>\n<p>Den UR5e mit einer Reichweite von 850mm und einer Traglast von 5kg. Spitzenreiter in der Reichweite ist der UR10e mit 1300mm und 12,5kg Traglast. Der UR16e schafft 16kg Tragslast, bei einer Reichweite von 900mm.<\/p>\n<p>Eine Brosch\u00fcre mit kompletten technischen Daten z.B. zu den Positioniergenauigkeiten lassen wir Ihnen gerne zukommen. Bitte hinterlassen Sie dazu Ihre Kontaktdaten im folgenden Formular.<\/p>\n<p><strong>Haben wir Ihr Interesse geweckt?<\/strong><\/p>\n<p>[wpforms id=&#8221;976&#8243;]<\/p>\n","protected":false},"excerpt":{"rendered":"<p>Unsere Roboter sind kollaborierende Leichtbauroboter (kurz: Cobots) vom Hersteller Universal Robots aus D\u00e4nemark. Die Cobots oder Leichtbauroboter lassen sich intuitiv handhaben und m\u00fchelos in Ihre bestehende Fertigung integrieren. Daf\u00fcr verf\u00fcgen Cobots \u00fcber eine grafische Bedienoberfl\u00e4che und eine geringe Stellfl\u00e4che. Nach erfolgreich abgeschlossener Risikobeurteilung k\u00f6nnen Cobots sogar schutzzaunlos neben oder mit [&hellip;]<\/p>\n","protected":false},"author":3,"featured_media":0,"parent":0,"menu_order":0,"comment_status":"closed","ping_status":"closed","template":"page-templates\/template-fullwidth.php","meta":{"footnotes":""},"yoast_head":"<!-- This site is optimized with the Yoast SEO plugin v22.3 - https:\/\/yoast.com\/wordpress\/plugins\/seo\/ -->\r\n<title>Cobots - Universal Robots - Smart Cobotix GmbH<\/title>\r\n<meta name=\"robots\" content=\"index, follow, max-snippet:-1, max-image-preview:large, max-video-preview:-1\" \/>\r\n<link rel=\"canonical\" href=\"https:\/\/smartcobotix.com\/?page_id=874\" \/>\r\n<meta property=\"og:locale\" content=\"de_DE\" \/>\r\n<meta property=\"og:type\" content=\"article\" \/>\r\n<meta property=\"og:title\" content=\"Cobots - Universal Robots - Smart Cobotix GmbH\" \/>\r\n<meta property=\"og:description\" content=\"Unsere Roboter sind kollaborierende Leichtbauroboter (kurz: Cobots) vom Hersteller Universal Robots aus D\u00e4nemark. Die Cobots oder Leichtbauroboter lassen sich intuitiv handhaben und m\u00fchelos in Ihre bestehende Fertigung integrieren. Daf\u00fcr verf\u00fcgen Cobots \u00fcber eine grafische Bedienoberfl\u00e4che und eine geringe Stellfl\u00e4che. Nach erfolgreich abgeschlossener Risikobeurteilung k\u00f6nnen Cobots sogar schutzzaunlos neben oder mit [&hellip;]\" \/>\r\n<meta property=\"og:url\" content=\"https:\/\/smartcobotix.com\/?page_id=874\" \/>\r\n<meta property=\"og:site_name\" content=\"Smart Cobotix GmbH\" \/>\r\n<meta property=\"article:modified_time\" content=\"2022-12-14T15:10:40+00:00\" \/>\r\n<meta property=\"og:image\" content=\"https:\/\/smartcobotix.com\/wp-content\/uploads\/2022\/03\/Berufsschule-Muenchen_UR3-300x200.jpg\" \/>\r\n<meta name=\"twitter:card\" content=\"summary_large_image\" \/>\r\n<meta name=\"twitter:site\" content=\"@gmbh_smart\" \/>\r\n<meta name=\"twitter:label1\" content=\"Gesch\u00e4tzte Lesezeit\" \/>\n\t<meta name=\"twitter:data1\" content=\"1\u00a0Minute\" \/>\r\n<script type=\"application\/ld+json\" class=\"yoast-schema-graph\">{\"@context\":\"https:\/\/schema.org\",\"@graph\":[{\"@type\":\"WebPage\",\"@id\":\"https:\/\/smartcobotix.com\/?page_id=874\",\"url\":\"https:\/\/smartcobotix.com\/?page_id=874\",\"name\":\"Cobots - Universal Robots - Smart Cobotix GmbH\",\"isPartOf\":{\"@id\":\"https:\/\/smartcobotix.com\/#website\"},\"primaryImageOfPage\":{\"@id\":\"https:\/\/smartcobotix.com\/?page_id=874#primaryimage\"},\"image\":{\"@id\":\"https:\/\/smartcobotix.com\/?page_id=874#primaryimage\"},\"thumbnailUrl\":\"https:\/\/smartcobotix.com\/wp-content\/uploads\/2022\/03\/Berufsschule-Muenchen_UR3-300x200.jpg\",\"datePublished\":\"2022-12-14T11:35:33+00:00\",\"dateModified\":\"2022-12-14T15:10:40+00:00\",\"breadcrumb\":{\"@id\":\"https:\/\/smartcobotix.com\/?page_id=874#breadcrumb\"},\"inLanguage\":\"de\",\"potentialAction\":[{\"@type\":\"ReadAction\",\"target\":[\"https:\/\/smartcobotix.com\/?page_id=874\"]}]},{\"@type\":\"ImageObject\",\"inLanguage\":\"de\",\"@id\":\"https:\/\/smartcobotix.com\/?page_id=874#primaryimage\",\"url\":\"https:\/\/smartcobotix.com\/wp-content\/uploads\/2022\/03\/Berufsschule-Muenchen_UR3-300x200.jpg\",\"contentUrl\":\"https:\/\/smartcobotix.com\/wp-content\/uploads\/2022\/03\/Berufsschule-Muenchen_UR3-300x200.jpg\"},{\"@type\":\"BreadcrumbList\",\"@id\":\"https:\/\/smartcobotix.com\/?page_id=874#breadcrumb\",\"itemListElement\":[{\"@type\":\"ListItem\",\"position\":1,\"name\":\"Startseite\",\"item\":\"https:\/\/smartcobotix.com\/\"},{\"@type\":\"ListItem\",\"position\":2,\"name\":\"Cobots &#8211; Universal Robots\"}]},{\"@type\":\"WebSite\",\"@id\":\"https:\/\/smartcobotix.com\/#website\",\"url\":\"https:\/\/smartcobotix.com\/\",\"name\":\"Smart Cobotix GmbH\",\"description\":\"Cobots | Integration | L\u00f6sungen | B2B- Onlineshop\",\"publisher\":{\"@id\":\"https:\/\/smartcobotix.com\/#organization\"},\"potentialAction\":[{\"@type\":\"SearchAction\",\"target\":{\"@type\":\"EntryPoint\",\"urlTemplate\":\"https:\/\/smartcobotix.com\/?s={search_term_string}\"},\"query-input\":\"required name=search_term_string\"}],\"inLanguage\":\"de\"},{\"@type\":\"Organization\",\"@id\":\"https:\/\/smartcobotix.com\/#organization\",\"name\":\"Smart Cobotix GmbH\",\"url\":\"https:\/\/smartcobotix.com\/\",\"logo\":{\"@type\":\"ImageObject\",\"inLanguage\":\"de\",\"@id\":\"https:\/\/smartcobotix.com\/#\/schema\/logo\/image\/\",\"url\":\"https:\/\/i0.wp.com\/smartcobotix.com\/wp-content\/uploads\/2021\/02\/cropped-Hintergrund_Linked_Inn.jpg?fit=1584%2C396&ssl=1\",\"contentUrl\":\"https:\/\/i0.wp.com\/smartcobotix.com\/wp-content\/uploads\/2021\/02\/cropped-Hintergrund_Linked_Inn.jpg?fit=1584%2C396&ssl=1\",\"width\":1584,\"height\":396,\"caption\":\"Smart Cobotix GmbH\"},\"image\":{\"@id\":\"https:\/\/smartcobotix.com\/#\/schema\/logo\/image\/\"},\"sameAs\":[\"https:\/\/twitter.com\/gmbh_smart\",\"https:\/\/de.linkedin.com\/company\/smart-cobotix-gmbh\"]}]}<\/script>\r\n<!-- \/ Yoast SEO plugin. -->","yoast_head_json":{"title":"Cobots - Universal Robots - Smart Cobotix GmbH","robots":{"index":"index","follow":"follow","max-snippet":"max-snippet:-1","max-image-preview":"max-image-preview:large","max-video-preview":"max-video-preview:-1"},"canonical":"https:\/\/smartcobotix.com\/?page_id=874","og_locale":"de_DE","og_type":"article","og_title":"Cobots - Universal Robots - Smart Cobotix GmbH","og_description":"Unsere Roboter sind kollaborierende Leichtbauroboter (kurz: Cobots) vom Hersteller Universal Robots aus D\u00e4nemark. Die Cobots oder Leichtbauroboter lassen sich intuitiv handhaben und m\u00fchelos in Ihre bestehende Fertigung integrieren. Daf\u00fcr verf\u00fcgen Cobots \u00fcber eine grafische Bedienoberfl\u00e4che und eine geringe Stellfl\u00e4che. Nach erfolgreich abgeschlossener Risikobeurteilung k\u00f6nnen Cobots sogar schutzzaunlos neben oder mit [&hellip;]","og_url":"https:\/\/smartcobotix.com\/?page_id=874","og_site_name":"Smart Cobotix GmbH","article_modified_time":"2022-12-14T15:10:40+00:00","og_image":[{"url":"https:\/\/smartcobotix.com\/wp-content\/uploads\/2022\/03\/Berufsschule-Muenchen_UR3-300x200.jpg"}],"twitter_card":"summary_large_image","twitter_site":"@gmbh_smart","twitter_misc":{"Gesch\u00e4tzte Lesezeit":"1\u00a0Minute"},"schema":{"@context":"https:\/\/schema.org","@graph":[{"@type":"WebPage","@id":"https:\/\/smartcobotix.com\/?page_id=874","url":"https:\/\/smartcobotix.com\/?page_id=874","name":"Cobots - Universal Robots - Smart Cobotix GmbH","isPartOf":{"@id":"https:\/\/smartcobotix.com\/#website"},"primaryImageOfPage":{"@id":"https:\/\/smartcobotix.com\/?page_id=874#primaryimage"},"image":{"@id":"https:\/\/smartcobotix.com\/?page_id=874#primaryimage"},"thumbnailUrl":"https:\/\/smartcobotix.com\/wp-content\/uploads\/2022\/03\/Berufsschule-Muenchen_UR3-300x200.jpg","datePublished":"2022-12-14T11:35:33+00:00","dateModified":"2022-12-14T15:10:40+00:00","breadcrumb":{"@id":"https:\/\/smartcobotix.com\/?page_id=874#breadcrumb"},"inLanguage":"de","potentialAction":[{"@type":"ReadAction","target":["https:\/\/smartcobotix.com\/?page_id=874"]}]},{"@type":"ImageObject","inLanguage":"de","@id":"https:\/\/smartcobotix.com\/?page_id=874#primaryimage","url":"https:\/\/smartcobotix.com\/wp-content\/uploads\/2022\/03\/Berufsschule-Muenchen_UR3-300x200.jpg","contentUrl":"https:\/\/smartcobotix.com\/wp-content\/uploads\/2022\/03\/Berufsschule-Muenchen_UR3-300x200.jpg"},{"@type":"BreadcrumbList","@id":"https:\/\/smartcobotix.com\/?page_id=874#breadcrumb","itemListElement":[{"@type":"ListItem","position":1,"name":"Startseite","item":"https:\/\/smartcobotix.com\/"},{"@type":"ListItem","position":2,"name":"Cobots &#8211; Universal Robots"}]},{"@type":"WebSite","@id":"https:\/\/smartcobotix.com\/#website","url":"https:\/\/smartcobotix.com\/","name":"Smart Cobotix GmbH","description":"Cobots | Integration | L\u00f6sungen | B2B- Onlineshop","publisher":{"@id":"https:\/\/smartcobotix.com\/#organization"},"potentialAction":[{"@type":"SearchAction","target":{"@type":"EntryPoint","urlTemplate":"https:\/\/smartcobotix.com\/?s={search_term_string}"},"query-input":"required name=search_term_string"}],"inLanguage":"de"},{"@type":"Organization","@id":"https:\/\/smartcobotix.com\/#organization","name":"Smart Cobotix GmbH","url":"https:\/\/smartcobotix.com\/","logo":{"@type":"ImageObject","inLanguage":"de","@id":"https:\/\/smartcobotix.com\/#\/schema\/logo\/image\/","url":"https:\/\/i0.wp.com\/smartcobotix.com\/wp-content\/uploads\/2021\/02\/cropped-Hintergrund_Linked_Inn.jpg?fit=1584%2C396&ssl=1","contentUrl":"https:\/\/i0.wp.com\/smartcobotix.com\/wp-content\/uploads\/2021\/02\/cropped-Hintergrund_Linked_Inn.jpg?fit=1584%2C396&ssl=1","width":1584,"height":396,"caption":"Smart Cobotix GmbH"},"image":{"@id":"https:\/\/smartcobotix.com\/#\/schema\/logo\/image\/"},"sameAs":["https:\/\/twitter.com\/gmbh_smart","https:\/\/de.linkedin.com\/company\/smart-cobotix-gmbh"]}]}},"_links":{"self":[{"href":"https:\/\/smartcobotix.com\/index.php?rest_route=\/wp\/v2\/pages\/874"}],"collection":[{"href":"https:\/\/smartcobotix.com\/index.php?rest_route=\/wp\/v2\/pages"}],"about":[{"href":"https:\/\/smartcobotix.com\/index.php?rest_route=\/wp\/v2\/types\/page"}],"author":[{"embeddable":true,"href":"https:\/\/smartcobotix.com\/index.php?rest_route=\/wp\/v2\/users\/3"}],"replies":[{"embeddable":true,"href":"https:\/\/smartcobotix.com\/index.php?rest_route=%2Fwp%2Fv2%2Fcomments&post=874"}],"version-history":[{"count":3,"href":"https:\/\/smartcobotix.com\/index.php?rest_route=\/wp\/v2\/pages\/874\/revisions"}],"predecessor-version":[{"id":991,"href":"https:\/\/smartcobotix.com\/index.php?rest_route=\/wp\/v2\/pages\/874\/revisions\/991"}],"wp:attachment":[{"href":"https:\/\/smartcobotix.com\/index.php?rest_route=%2Fwp%2Fv2%2Fmedia&parent=874"}],"curies":[{"name":"wp","href":"https:\/\/api.w.org\/{rel}","templated":true}]}}