{"id":869,"date":"2022-12-14T12:31:40","date_gmt":"2022-12-14T11:31:40","guid":{"rendered":"https:\/\/woo.smartcobotix.com\/?page_id=869"},"modified":"2022-12-16T16:24:13","modified_gmt":"2022-12-16T15:24:13","slug":"made4cnc-safedoor","status":"publish","type":"page","link":"https:\/\/smartcobotix.com\/?page_id=869","title":{"rendered":"Made4CNC &#8211; Safedoor"},"content":{"rendered":"<p><img decoding=\"async\" loading=\"lazy\" src=\"https:\/\/smartcobotix.com\/wp-content\/uploads\/2022\/08\/SD100-on-CNC-with-UR10-focus-blur-300x225.png\" alt=\"Mde4CNC Safedoor SD100\" class=\"wp-image-355 size-medium alignleft\" width=\"300\" height=\"225\" srcset=\"https:\/\/smartcobotix.com\/wp-content\/uploads\/2022\/08\/SD100-on-CNC-with-UR10-focus-blur-300x225.png 300w, https:\/\/smartcobotix.com\/wp-content\/uploads\/2022\/08\/SD100-on-CNC-with-UR10-focus-blur-600x450.png 600w, https:\/\/smartcobotix.com\/wp-content\/uploads\/2022\/08\/SD100-on-CNC-with-UR10-focus-blur-1024x768.png 1024w, https:\/\/smartcobotix.com\/wp-content\/uploads\/2022\/08\/SD100-on-CNC-with-UR10-focus-blur-768x576.png 768w, https:\/\/smartcobotix.com\/wp-content\/uploads\/2022\/08\/SD100-on-CNC-with-UR10-focus-blur.png 1457w\" sizes=\"(max-width: 300px) 100vw, 300px\" \/>Mit dem Safedoor Set von Made4CNC k\u00f6nnen manuell bet\u00e4tigte T\u00fcren an CNC-Maschinen f\u00fcr die Roboter Be- und Entladung nachger\u00fcstet werden. Das Set besteht aus einem T\u00fcrantrieb, dem elektrischen Interface und einem URCap f\u00fcr die nahtlose Integration beim Universal Robots Roboter.<\/p>\n<p>T\u00fcrgewichte bis zu 400kg und eine \u00d6ffnungsweite bis 1m sind m\u00f6glich, au\u00dferdem gibt es jeweils eine Konfiguration f\u00fcr eine oder zwei T\u00fcren.<\/p>\n<p>Die Bedienungsanleitung f\u00fcr die Safedoor SD100 finden sie unter: <a href=\"https:\/\/made4cnc.com\/wp-content\/uploads\/2022\/06\/Safedoor-manual-1.1.2.pdf\">https:\/\/made4cnc.com\/wp-content\/uploads\/2022\/06\/Safedoor-manual-1.1.2.pdf<\/a><\/p>\n<p><iframe loading=\"lazy\" width=\"746\" height=\"420\" class=\"aligncenter\" src=\"https:\/\/www.universal-robots.com\/img\/animations\/ur3e.mp4\" title=\"Case: Randers Tandhjulsfabrik\" frameborder=\"0\" allow=\"accelerometer; autoplay; clipboard-write; encrypted-media; gyroscope; picture-in-picture\" allowfullscreen=\"allowfullscreen\"><\/iframe><\/p>\n<p><strong>Haben wir Ihr Interesse geweckt?<\/strong><\/p>\n<p>[wpforms id=&#8221;974&#8243;]<\/p>\n","protected":false},"excerpt":{"rendered":"<p>Mit dem Safedoor Set von Made4CNC k\u00f6nnen manuell bet\u00e4tigte T\u00fcren an CNC-Maschinen f\u00fcr die Roboter Be- und Entladung nachger\u00fcstet werden. Das Set besteht aus einem T\u00fcrantrieb, dem elektrischen Interface und einem URCap f\u00fcr die nahtlose Integration beim Universal Robots Roboter. T\u00fcrgewichte bis zu 400kg und eine \u00d6ffnungsweite bis 1m sind [&hellip;]<\/p>\n","protected":false},"author":3,"featured_media":0,"parent":0,"menu_order":0,"comment_status":"closed","ping_status":"closed","template":"page-templates\/template-fullwidth.php","meta":{"footnotes":""},"yoast_head":"<!-- This site is optimized with the Yoast SEO plugin v22.3 - https:\/\/yoast.com\/wordpress\/plugins\/seo\/ -->\r\n<title>Made4CNC - Safedoor - Smart Cobotix GmbH<\/title>\r\n<meta name=\"robots\" content=\"index, follow, max-snippet:-1, max-image-preview:large, max-video-preview:-1\" \/>\r\n<link rel=\"canonical\" href=\"https:\/\/smartcobotix.com\/?page_id=869\" \/>\r\n<meta property=\"og:locale\" content=\"de_DE\" \/>\r\n<meta property=\"og:type\" content=\"article\" \/>\r\n<meta property=\"og:title\" content=\"Made4CNC - Safedoor - Smart Cobotix GmbH\" \/>\r\n<meta property=\"og:description\" content=\"Mit dem Safedoor Set von Made4CNC k\u00f6nnen manuell bet\u00e4tigte T\u00fcren an CNC-Maschinen f\u00fcr die Roboter Be- und Entladung nachger\u00fcstet werden. Das Set besteht aus einem T\u00fcrantrieb, dem elektrischen Interface und einem URCap f\u00fcr die nahtlose Integration beim Universal Robots Roboter. T\u00fcrgewichte bis zu 400kg und eine \u00d6ffnungsweite bis 1m sind [&hellip;]\" \/>\r\n<meta property=\"og:url\" content=\"https:\/\/smartcobotix.com\/?page_id=869\" \/>\r\n<meta property=\"og:site_name\" content=\"Smart Cobotix GmbH\" \/>\r\n<meta property=\"article:modified_time\" content=\"2022-12-16T15:24:13+00:00\" \/>\r\n<meta property=\"og:image\" content=\"https:\/\/smartcobotix.com\/wp-content\/uploads\/2022\/08\/SD100-on-CNC-with-UR10-focus-blur-300x225.png\" \/>\r\n<meta name=\"twitter:card\" content=\"summary_large_image\" \/>\r\n<meta name=\"twitter:site\" content=\"@gmbh_smart\" \/>\r\n<meta name=\"twitter:label1\" content=\"Gesch\u00e4tzte Lesezeit\" \/>\n\t<meta name=\"twitter:data1\" content=\"1\u00a0Minute\" \/>\r\n<script type=\"application\/ld+json\" class=\"yoast-schema-graph\">{\"@context\":\"https:\/\/schema.org\",\"@graph\":[{\"@type\":\"WebPage\",\"@id\":\"https:\/\/smartcobotix.com\/?page_id=869\",\"url\":\"https:\/\/smartcobotix.com\/?page_id=869\",\"name\":\"Made4CNC - Safedoor - Smart Cobotix GmbH\",\"isPartOf\":{\"@id\":\"https:\/\/smartcobotix.com\/#website\"},\"primaryImageOfPage\":{\"@id\":\"https:\/\/smartcobotix.com\/?page_id=869#primaryimage\"},\"image\":{\"@id\":\"https:\/\/smartcobotix.com\/?page_id=869#primaryimage\"},\"thumbnailUrl\":\"https:\/\/smartcobotix.com\/wp-content\/uploads\/2022\/08\/SD100-on-CNC-with-UR10-focus-blur-300x225.png\",\"datePublished\":\"2022-12-14T11:31:40+00:00\",\"dateModified\":\"2022-12-16T15:24:13+00:00\",\"breadcrumb\":{\"@id\":\"https:\/\/smartcobotix.com\/?page_id=869#breadcrumb\"},\"inLanguage\":\"de\",\"potentialAction\":[{\"@type\":\"ReadAction\",\"target\":[\"https:\/\/smartcobotix.com\/?page_id=869\"]}]},{\"@type\":\"ImageObject\",\"inLanguage\":\"de\",\"@id\":\"https:\/\/smartcobotix.com\/?page_id=869#primaryimage\",\"url\":\"https:\/\/smartcobotix.com\/wp-content\/uploads\/2022\/08\/SD100-on-CNC-with-UR10-focus-blur-300x225.png\",\"contentUrl\":\"https:\/\/smartcobotix.com\/wp-content\/uploads\/2022\/08\/SD100-on-CNC-with-UR10-focus-blur-300x225.png\"},{\"@type\":\"BreadcrumbList\",\"@id\":\"https:\/\/smartcobotix.com\/?page_id=869#breadcrumb\",\"itemListElement\":[{\"@type\":\"ListItem\",\"position\":1,\"name\":\"Startseite\",\"item\":\"https:\/\/smartcobotix.com\/\"},{\"@type\":\"ListItem\",\"position\":2,\"name\":\"Made4CNC &#8211; Safedoor\"}]},{\"@type\":\"WebSite\",\"@id\":\"https:\/\/smartcobotix.com\/#website\",\"url\":\"https:\/\/smartcobotix.com\/\",\"name\":\"Smart Cobotix GmbH\",\"description\":\"Cobots | Integration | L\u00f6sungen | B2B- Onlineshop\",\"publisher\":{\"@id\":\"https:\/\/smartcobotix.com\/#organization\"},\"potentialAction\":[{\"@type\":\"SearchAction\",\"target\":{\"@type\":\"EntryPoint\",\"urlTemplate\":\"https:\/\/smartcobotix.com\/?s={search_term_string}\"},\"query-input\":\"required name=search_term_string\"}],\"inLanguage\":\"de\"},{\"@type\":\"Organization\",\"@id\":\"https:\/\/smartcobotix.com\/#organization\",\"name\":\"Smart Cobotix GmbH\",\"url\":\"https:\/\/smartcobotix.com\/\",\"logo\":{\"@type\":\"ImageObject\",\"inLanguage\":\"de\",\"@id\":\"https:\/\/smartcobotix.com\/#\/schema\/logo\/image\/\",\"url\":\"https:\/\/i0.wp.com\/smartcobotix.com\/wp-content\/uploads\/2021\/02\/cropped-Hintergrund_Linked_Inn.jpg?fit=1584%2C396&ssl=1\",\"contentUrl\":\"https:\/\/i0.wp.com\/smartcobotix.com\/wp-content\/uploads\/2021\/02\/cropped-Hintergrund_Linked_Inn.jpg?fit=1584%2C396&ssl=1\",\"width\":1584,\"height\":396,\"caption\":\"Smart Cobotix GmbH\"},\"image\":{\"@id\":\"https:\/\/smartcobotix.com\/#\/schema\/logo\/image\/\"},\"sameAs\":[\"https:\/\/twitter.com\/gmbh_smart\",\"https:\/\/de.linkedin.com\/company\/smart-cobotix-gmbh\"]}]}<\/script>\r\n<!-- \/ Yoast SEO plugin. -->","yoast_head_json":{"title":"Made4CNC - Safedoor - Smart Cobotix GmbH","robots":{"index":"index","follow":"follow","max-snippet":"max-snippet:-1","max-image-preview":"max-image-preview:large","max-video-preview":"max-video-preview:-1"},"canonical":"https:\/\/smartcobotix.com\/?page_id=869","og_locale":"de_DE","og_type":"article","og_title":"Made4CNC - Safedoor - Smart Cobotix GmbH","og_description":"Mit dem Safedoor Set von Made4CNC k\u00f6nnen manuell bet\u00e4tigte T\u00fcren an CNC-Maschinen f\u00fcr die Roboter Be- und Entladung nachger\u00fcstet werden. Das Set besteht aus einem T\u00fcrantrieb, dem elektrischen Interface und einem URCap f\u00fcr die nahtlose Integration beim Universal Robots Roboter. T\u00fcrgewichte bis zu 400kg und eine \u00d6ffnungsweite bis 1m sind [&hellip;]","og_url":"https:\/\/smartcobotix.com\/?page_id=869","og_site_name":"Smart Cobotix GmbH","article_modified_time":"2022-12-16T15:24:13+00:00","og_image":[{"url":"https:\/\/smartcobotix.com\/wp-content\/uploads\/2022\/08\/SD100-on-CNC-with-UR10-focus-blur-300x225.png"}],"twitter_card":"summary_large_image","twitter_site":"@gmbh_smart","twitter_misc":{"Gesch\u00e4tzte Lesezeit":"1\u00a0Minute"},"schema":{"@context":"https:\/\/schema.org","@graph":[{"@type":"WebPage","@id":"https:\/\/smartcobotix.com\/?page_id=869","url":"https:\/\/smartcobotix.com\/?page_id=869","name":"Made4CNC - Safedoor - Smart Cobotix GmbH","isPartOf":{"@id":"https:\/\/smartcobotix.com\/#website"},"primaryImageOfPage":{"@id":"https:\/\/smartcobotix.com\/?page_id=869#primaryimage"},"image":{"@id":"https:\/\/smartcobotix.com\/?page_id=869#primaryimage"},"thumbnailUrl":"https:\/\/smartcobotix.com\/wp-content\/uploads\/2022\/08\/SD100-on-CNC-with-UR10-focus-blur-300x225.png","datePublished":"2022-12-14T11:31:40+00:00","dateModified":"2022-12-16T15:24:13+00:00","breadcrumb":{"@id":"https:\/\/smartcobotix.com\/?page_id=869#breadcrumb"},"inLanguage":"de","potentialAction":[{"@type":"ReadAction","target":["https:\/\/smartcobotix.com\/?page_id=869"]}]},{"@type":"ImageObject","inLanguage":"de","@id":"https:\/\/smartcobotix.com\/?page_id=869#primaryimage","url":"https:\/\/smartcobotix.com\/wp-content\/uploads\/2022\/08\/SD100-on-CNC-with-UR10-focus-blur-300x225.png","contentUrl":"https:\/\/smartcobotix.com\/wp-content\/uploads\/2022\/08\/SD100-on-CNC-with-UR10-focus-blur-300x225.png"},{"@type":"BreadcrumbList","@id":"https:\/\/smartcobotix.com\/?page_id=869#breadcrumb","itemListElement":[{"@type":"ListItem","position":1,"name":"Startseite","item":"https:\/\/smartcobotix.com\/"},{"@type":"ListItem","position":2,"name":"Made4CNC &#8211; Safedoor"}]},{"@type":"WebSite","@id":"https:\/\/smartcobotix.com\/#website","url":"https:\/\/smartcobotix.com\/","name":"Smart Cobotix GmbH","description":"Cobots | Integration | L\u00f6sungen | B2B- Onlineshop","publisher":{"@id":"https:\/\/smartcobotix.com\/#organization"},"potentialAction":[{"@type":"SearchAction","target":{"@type":"EntryPoint","urlTemplate":"https:\/\/smartcobotix.com\/?s={search_term_string}"},"query-input":"required name=search_term_string"}],"inLanguage":"de"},{"@type":"Organization","@id":"https:\/\/smartcobotix.com\/#organization","name":"Smart Cobotix GmbH","url":"https:\/\/smartcobotix.com\/","logo":{"@type":"ImageObject","inLanguage":"de","@id":"https:\/\/smartcobotix.com\/#\/schema\/logo\/image\/","url":"https:\/\/i0.wp.com\/smartcobotix.com\/wp-content\/uploads\/2021\/02\/cropped-Hintergrund_Linked_Inn.jpg?fit=1584%2C396&ssl=1","contentUrl":"https:\/\/i0.wp.com\/smartcobotix.com\/wp-content\/uploads\/2021\/02\/cropped-Hintergrund_Linked_Inn.jpg?fit=1584%2C396&ssl=1","width":1584,"height":396,"caption":"Smart Cobotix GmbH"},"image":{"@id":"https:\/\/smartcobotix.com\/#\/schema\/logo\/image\/"},"sameAs":["https:\/\/twitter.com\/gmbh_smart","https:\/\/de.linkedin.com\/company\/smart-cobotix-gmbh"]}]}},"_links":{"self":[{"href":"https:\/\/smartcobotix.com\/index.php?rest_route=\/wp\/v2\/pages\/869"}],"collection":[{"href":"https:\/\/smartcobotix.com\/index.php?rest_route=\/wp\/v2\/pages"}],"about":[{"href":"https:\/\/smartcobotix.com\/index.php?rest_route=\/wp\/v2\/types\/page"}],"author":[{"embeddable":true,"href":"https:\/\/smartcobotix.com\/index.php?rest_route=\/wp\/v2\/users\/3"}],"replies":[{"embeddable":true,"href":"https:\/\/smartcobotix.com\/index.php?rest_route=%2Fwp%2Fv2%2Fcomments&post=869"}],"version-history":[{"count":17,"href":"https:\/\/smartcobotix.com\/index.php?rest_route=\/wp\/v2\/pages\/869\/revisions"}],"predecessor-version":[{"id":1092,"href":"https:\/\/smartcobotix.com\/index.php?rest_route=\/wp\/v2\/pages\/869\/revisions\/1092"}],"wp:attachment":[{"href":"https:\/\/smartcobotix.com\/index.php?rest_route=%2Fwp%2Fv2%2Fmedia&parent=869"}],"curies":[{"name":"wp","href":"https:\/\/api.w.org\/{rel}","templated":true}]}}