{"id":867,"date":"2022-12-14T12:31:14","date_gmt":"2022-12-14T11:31:14","guid":{"rendered":"https:\/\/woo.smartcobotix.com\/?page_id=867"},"modified":"2022-12-14T16:09:27","modified_gmt":"2022-12-14T15:09:27","slug":"inxpect-radarsensoren","status":"publish","type":"page","link":"https:\/\/smartcobotix.com\/?page_id=867","title":{"rendered":"Inxpect &#8211; Radarsensoren"},"content":{"rendered":"<p><img decoding=\"async\" loading=\"lazy\" src=\"https:\/\/woo.smartcobotix.com\/wp-content\/uploads\/2022\/12\/Screenshot-2022-12-14-at-13-15-25-Inxpect-Product-Catalogue_6_0003.pdf-300x91.png\" alt=\"\" width=\"900\" height=\"273\" class=\"aligncenter size-medium wp-image-910\" srcset=\"https:\/\/smartcobotix.com\/wp-content\/uploads\/2022\/12\/Screenshot-2022-12-14-at-13-15-25-Inxpect-Product-Catalogue_6_0003.pdf-300x91.png 300w, https:\/\/smartcobotix.com\/wp-content\/uploads\/2022\/12\/Screenshot-2022-12-14-at-13-15-25-Inxpect-Product-Catalogue_6_0003.pdf-768x233.png 768w, https:\/\/smartcobotix.com\/wp-content\/uploads\/2022\/12\/Screenshot-2022-12-14-at-13-15-25-Inxpect-Product-Catalogue_6_0003.pdf-600x182.png 600w, https:\/\/smartcobotix.com\/wp-content\/uploads\/2022\/12\/Screenshot-2022-12-14-at-13-15-25-Inxpect-Product-Catalogue_6_0003.pdf.png 994w\" sizes=\"(max-width: 900px) 100vw, 900px\" \/><\/p>\n<p>Die weltweit ersten und einzigen SIL2\/PLd- und UL-gelisteten Sicherheitsradarprodukte.<\/p>\n<p><strong>Arbeitssicherheit vom Feinsten:<\/strong><br \/>\nInxpect Sicherheitsradare erkennen Zugang oder Anwesenheit von Bedienern in gef\u00e4hrlichen Bereichen, erm\u00f6glicht eine dynamische Einstellung in Echtzeit der Erfassungs- und Warnzonen.<\/p>\n<p><strong>Flexibel, modular, skalierbar<\/strong><br \/>\nInxpect Sicherheitsradarsysteme bestehen aus einem Steuerger\u00e4t und bis zu sechs intelligenten Radarsensoren:<br \/>\nGenau, Flexibilit\u00e4t und von einfachen bis hin zu komplexen Szenarien einsetzbar.<br \/>\nDie Konfiguration des Systems ist schnell und einfach, dank der benutzerfreundliche Inxpect Safety Application.<\/p>\n<p><img decoding=\"async\" data-v-3fe7db4e=\"\" src=\"https:\/\/www.inxpect.com\/_nuxt\/img\/safetyRadarConfig.6737808.png\" class=\"aligncenter size-medium\" \/><\/p>\n<p><strong>Er funktioniert dort, wo optische Sensoren aussteigen.<\/strong><br \/>\nHohe Sicherheit ohne Beeintr\u00e4chtigung der Produktivit\u00e4t<br \/>\nOptische Ger\u00e4te fallen oft aufgrund von Staub, Rauch oder Wasser aus, die durch den Produktionsprozess entstehen.<br \/>\nDas Inxpect-Team, hochspezialisiert auf Radar Technologie, hat eine ausgekl\u00fcgelte Menge an Radaralgorithmus entwickelt, der diese St\u00f6rungen herausfiltert, eine Reduzierung von Fehlalarmen verhindert und dadurch eine Steigerung der Produktivit\u00e4t gew\u00e4hrleitet.<\/p>\n<p><img decoding=\"async\" loading=\"lazy\" src=\"https:\/\/woo.smartcobotix.com\/wp-content\/uploads\/2022\/12\/Screenshot-2022-12-14-at-13-03-58-Inxpect-Product-Catalogue_6_0003.pdf-300x80.png\" alt=\"\" width=\"900\" height=\"240\" class=\"aligncenter size-medium wp-image-900\" srcset=\"https:\/\/smartcobotix.com\/wp-content\/uploads\/2022\/12\/Screenshot-2022-12-14-at-13-03-58-Inxpect-Product-Catalogue_6_0003.pdf-300x80.png 300w, https:\/\/smartcobotix.com\/wp-content\/uploads\/2022\/12\/Screenshot-2022-12-14-at-13-03-58-Inxpect-Product-Catalogue_6_0003.pdf-768x204.png 768w, https:\/\/smartcobotix.com\/wp-content\/uploads\/2022\/12\/Screenshot-2022-12-14-at-13-03-58-Inxpect-Product-Catalogue_6_0003.pdf-600x159.png 600w, https:\/\/smartcobotix.com\/wp-content\/uploads\/2022\/12\/Screenshot-2022-12-14-at-13-03-58-Inxpect-Product-Catalogue_6_0003.pdf.png 892w\" sizes=\"(max-width: 900px) 100vw, 900px\" \/><\/p>\n<p>&nbsp;<\/p>\n<p><strong>Inxpect-Sicherheitsanwendung<\/strong><br \/>\nDie Software erm\u00f6glicht eine einfache und intuitive Konfiguration und anschlie\u00dfende Validierung des Abdeckungsbereich.<br \/>\nDie Inxpect Safety App ist eine Software Anwendung, die auf jedem PC oder Mac installiert werden kann, und das f\u00fchrt den Benutzer zur Konfiguration des volumetrische Abdeckungsbereiche des Inxpect-Sicherheitsradars Systemen die Einstellung E\/A-Schnittstellenkonfiguration und Systemparameter und den Validierungsprozess.<br \/>\nEs ist ein integraler Bestandteil aller Inxpect-Sicherheitssysteme.<\/p>\n<p><img decoding=\"async\" loading=\"lazy\" src=\"https:\/\/woo.smartcobotix.com\/wp-content\/uploads\/2022\/12\/Screenshot-2022-12-14-at-12-50-01-Inxpect-Product-Catalogue_6_0003.pdf-300x209.png\" alt=\"\" width=\"900\" height=\"627\" class=\"aligncenter size-medium wp-image-888\" srcset=\"https:\/\/smartcobotix.com\/wp-content\/uploads\/2022\/12\/Screenshot-2022-12-14-at-12-50-01-Inxpect-Product-Catalogue_6_0003.pdf-300x209.png 300w, https:\/\/smartcobotix.com\/wp-content\/uploads\/2022\/12\/Screenshot-2022-12-14-at-12-50-01-Inxpect-Product-Catalogue_6_0003.pdf-768x534.png 768w, https:\/\/smartcobotix.com\/wp-content\/uploads\/2022\/12\/Screenshot-2022-12-14-at-12-50-01-Inxpect-Product-Catalogue_6_0003.pdf-600x417.png 600w, https:\/\/smartcobotix.com\/wp-content\/uploads\/2022\/12\/Screenshot-2022-12-14-at-12-50-01-Inxpect-Product-Catalogue_6_0003.pdf.png 940w\" sizes=\"(max-width: 900px) 100vw, 900px\" \/><\/p>\n<p>Haben wir Ihr Interesse geweckt?<\/p>\n<p>[wpforms id=&#8221;970&#8243;]<\/p>\n","protected":false},"excerpt":{"rendered":"<p>Die weltweit ersten und einzigen SIL2\/PLd- und UL-gelisteten Sicherheitsradarprodukte. Arbeitssicherheit vom Feinsten: Inxpect Sicherheitsradare erkennen Zugang oder Anwesenheit von Bedienern in gef\u00e4hrlichen Bereichen, erm\u00f6glicht eine dynamische Einstellung in Echtzeit der Erfassungs- und Warnzonen. Flexibel, modular, skalierbar Inxpect Sicherheitsradarsysteme bestehen aus einem Steuerger\u00e4t und bis zu sechs intelligenten Radarsensoren: Genau, Flexibilit\u00e4t [&hellip;]<\/p>\n","protected":false},"author":3,"featured_media":0,"parent":0,"menu_order":0,"comment_status":"closed","ping_status":"closed","template":"page-templates\/template-fullwidth.php","meta":{"footnotes":""},"yoast_head":"<!-- This site is optimized with the Yoast SEO plugin v22.3 - https:\/\/yoast.com\/wordpress\/plugins\/seo\/ -->\r\n<title>Inxpect - Radarsensoren - Smart Cobotix GmbH<\/title>\r\n<meta name=\"robots\" content=\"index, follow, max-snippet:-1, max-image-preview:large, max-video-preview:-1\" \/>\r\n<link rel=\"canonical\" href=\"https:\/\/smartcobotix.com\/?page_id=867\" \/>\r\n<meta property=\"og:locale\" content=\"de_DE\" \/>\r\n<meta property=\"og:type\" content=\"article\" \/>\r\n<meta property=\"og:title\" content=\"Inxpect - Radarsensoren - Smart Cobotix GmbH\" \/>\r\n<meta property=\"og:description\" content=\"Die weltweit ersten und einzigen SIL2\/PLd- und UL-gelisteten Sicherheitsradarprodukte. Arbeitssicherheit vom Feinsten: Inxpect Sicherheitsradare erkennen Zugang oder Anwesenheit von Bedienern in gef\u00e4hrlichen Bereichen, erm\u00f6glicht eine dynamische Einstellung in Echtzeit der Erfassungs- und Warnzonen. Flexibel, modular, skalierbar Inxpect Sicherheitsradarsysteme bestehen aus einem Steuerger\u00e4t und bis zu sechs intelligenten Radarsensoren: Genau, Flexibilit\u00e4t [&hellip;]\" \/>\r\n<meta property=\"og:url\" content=\"https:\/\/smartcobotix.com\/?page_id=867\" \/>\r\n<meta property=\"og:site_name\" content=\"Smart Cobotix GmbH\" \/>\r\n<meta property=\"article:modified_time\" content=\"2022-12-14T15:09:27+00:00\" \/>\r\n<meta property=\"og:image\" content=\"https:\/\/woo.smartcobotix.com\/wp-content\/uploads\/2022\/12\/Screenshot-2022-12-14-at-13-15-25-Inxpect-Product-Catalogue_6_0003.pdf-300x91.png\" \/>\r\n<meta name=\"twitter:card\" content=\"summary_large_image\" \/>\r\n<meta name=\"twitter:site\" content=\"@gmbh_smart\" \/>\r\n<meta name=\"twitter:label1\" content=\"Gesch\u00e4tzte Lesezeit\" \/>\n\t<meta name=\"twitter:data1\" content=\"1\u00a0Minute\" \/>\r\n<script type=\"application\/ld+json\" class=\"yoast-schema-graph\">{\"@context\":\"https:\/\/schema.org\",\"@graph\":[{\"@type\":\"WebPage\",\"@id\":\"https:\/\/smartcobotix.com\/?page_id=867\",\"url\":\"https:\/\/smartcobotix.com\/?page_id=867\",\"name\":\"Inxpect - Radarsensoren - Smart Cobotix GmbH\",\"isPartOf\":{\"@id\":\"https:\/\/smartcobotix.com\/#website\"},\"primaryImageOfPage\":{\"@id\":\"https:\/\/smartcobotix.com\/?page_id=867#primaryimage\"},\"image\":{\"@id\":\"https:\/\/smartcobotix.com\/?page_id=867#primaryimage\"},\"thumbnailUrl\":\"https:\/\/woo.smartcobotix.com\/wp-content\/uploads\/2022\/12\/Screenshot-2022-12-14-at-13-15-25-Inxpect-Product-Catalogue_6_0003.pdf-300x91.png\",\"datePublished\":\"2022-12-14T11:31:14+00:00\",\"dateModified\":\"2022-12-14T15:09:27+00:00\",\"breadcrumb\":{\"@id\":\"https:\/\/smartcobotix.com\/?page_id=867#breadcrumb\"},\"inLanguage\":\"de\",\"potentialAction\":[{\"@type\":\"ReadAction\",\"target\":[\"https:\/\/smartcobotix.com\/?page_id=867\"]}]},{\"@type\":\"ImageObject\",\"inLanguage\":\"de\",\"@id\":\"https:\/\/smartcobotix.com\/?page_id=867#primaryimage\",\"url\":\"https:\/\/smartcobotix.com\/wp-content\/uploads\/2022\/12\/Screenshot-2022-12-14-at-13-15-25-Inxpect-Product-Catalogue_6_0003.pdf.png\",\"contentUrl\":\"https:\/\/smartcobotix.com\/wp-content\/uploads\/2022\/12\/Screenshot-2022-12-14-at-13-15-25-Inxpect-Product-Catalogue_6_0003.pdf.png\",\"width\":994,\"height\":301},{\"@type\":\"BreadcrumbList\",\"@id\":\"https:\/\/smartcobotix.com\/?page_id=867#breadcrumb\",\"itemListElement\":[{\"@type\":\"ListItem\",\"position\":1,\"name\":\"Startseite\",\"item\":\"https:\/\/smartcobotix.com\/\"},{\"@type\":\"ListItem\",\"position\":2,\"name\":\"Inxpect &#8211; Radarsensoren\"}]},{\"@type\":\"WebSite\",\"@id\":\"https:\/\/smartcobotix.com\/#website\",\"url\":\"https:\/\/smartcobotix.com\/\",\"name\":\"Smart Cobotix GmbH\",\"description\":\"Cobots | Integration | L\u00f6sungen | B2B- Onlineshop\",\"publisher\":{\"@id\":\"https:\/\/smartcobotix.com\/#organization\"},\"potentialAction\":[{\"@type\":\"SearchAction\",\"target\":{\"@type\":\"EntryPoint\",\"urlTemplate\":\"https:\/\/smartcobotix.com\/?s={search_term_string}\"},\"query-input\":\"required name=search_term_string\"}],\"inLanguage\":\"de\"},{\"@type\":\"Organization\",\"@id\":\"https:\/\/smartcobotix.com\/#organization\",\"name\":\"Smart Cobotix GmbH\",\"url\":\"https:\/\/smartcobotix.com\/\",\"logo\":{\"@type\":\"ImageObject\",\"inLanguage\":\"de\",\"@id\":\"https:\/\/smartcobotix.com\/#\/schema\/logo\/image\/\",\"url\":\"https:\/\/i0.wp.com\/smartcobotix.com\/wp-content\/uploads\/2021\/02\/cropped-Hintergrund_Linked_Inn.jpg?fit=1584%2C396&ssl=1\",\"contentUrl\":\"https:\/\/i0.wp.com\/smartcobotix.com\/wp-content\/uploads\/2021\/02\/cropped-Hintergrund_Linked_Inn.jpg?fit=1584%2C396&ssl=1\",\"width\":1584,\"height\":396,\"caption\":\"Smart Cobotix GmbH\"},\"image\":{\"@id\":\"https:\/\/smartcobotix.com\/#\/schema\/logo\/image\/\"},\"sameAs\":[\"https:\/\/twitter.com\/gmbh_smart\",\"https:\/\/de.linkedin.com\/company\/smart-cobotix-gmbh\"]}]}<\/script>\r\n<!-- \/ Yoast SEO plugin. -->","yoast_head_json":{"title":"Inxpect - Radarsensoren - Smart Cobotix GmbH","robots":{"index":"index","follow":"follow","max-snippet":"max-snippet:-1","max-image-preview":"max-image-preview:large","max-video-preview":"max-video-preview:-1"},"canonical":"https:\/\/smartcobotix.com\/?page_id=867","og_locale":"de_DE","og_type":"article","og_title":"Inxpect - Radarsensoren - Smart Cobotix GmbH","og_description":"Die weltweit ersten und einzigen SIL2\/PLd- und UL-gelisteten Sicherheitsradarprodukte. Arbeitssicherheit vom Feinsten: Inxpect Sicherheitsradare erkennen Zugang oder Anwesenheit von Bedienern in gef\u00e4hrlichen Bereichen, erm\u00f6glicht eine dynamische Einstellung in Echtzeit der Erfassungs- und Warnzonen. Flexibel, modular, skalierbar Inxpect Sicherheitsradarsysteme bestehen aus einem Steuerger\u00e4t und bis zu sechs intelligenten Radarsensoren: Genau, Flexibilit\u00e4t [&hellip;]","og_url":"https:\/\/smartcobotix.com\/?page_id=867","og_site_name":"Smart Cobotix GmbH","article_modified_time":"2022-12-14T15:09:27+00:00","og_image":[{"url":"https:\/\/woo.smartcobotix.com\/wp-content\/uploads\/2022\/12\/Screenshot-2022-12-14-at-13-15-25-Inxpect-Product-Catalogue_6_0003.pdf-300x91.png"}],"twitter_card":"summary_large_image","twitter_site":"@gmbh_smart","twitter_misc":{"Gesch\u00e4tzte Lesezeit":"1\u00a0Minute"},"schema":{"@context":"https:\/\/schema.org","@graph":[{"@type":"WebPage","@id":"https:\/\/smartcobotix.com\/?page_id=867","url":"https:\/\/smartcobotix.com\/?page_id=867","name":"Inxpect - Radarsensoren - Smart Cobotix GmbH","isPartOf":{"@id":"https:\/\/smartcobotix.com\/#website"},"primaryImageOfPage":{"@id":"https:\/\/smartcobotix.com\/?page_id=867#primaryimage"},"image":{"@id":"https:\/\/smartcobotix.com\/?page_id=867#primaryimage"},"thumbnailUrl":"https:\/\/woo.smartcobotix.com\/wp-content\/uploads\/2022\/12\/Screenshot-2022-12-14-at-13-15-25-Inxpect-Product-Catalogue_6_0003.pdf-300x91.png","datePublished":"2022-12-14T11:31:14+00:00","dateModified":"2022-12-14T15:09:27+00:00","breadcrumb":{"@id":"https:\/\/smartcobotix.com\/?page_id=867#breadcrumb"},"inLanguage":"de","potentialAction":[{"@type":"ReadAction","target":["https:\/\/smartcobotix.com\/?page_id=867"]}]},{"@type":"ImageObject","inLanguage":"de","@id":"https:\/\/smartcobotix.com\/?page_id=867#primaryimage","url":"https:\/\/smartcobotix.com\/wp-content\/uploads\/2022\/12\/Screenshot-2022-12-14-at-13-15-25-Inxpect-Product-Catalogue_6_0003.pdf.png","contentUrl":"https:\/\/smartcobotix.com\/wp-content\/uploads\/2022\/12\/Screenshot-2022-12-14-at-13-15-25-Inxpect-Product-Catalogue_6_0003.pdf.png","width":994,"height":301},{"@type":"BreadcrumbList","@id":"https:\/\/smartcobotix.com\/?page_id=867#breadcrumb","itemListElement":[{"@type":"ListItem","position":1,"name":"Startseite","item":"https:\/\/smartcobotix.com\/"},{"@type":"ListItem","position":2,"name":"Inxpect &#8211; Radarsensoren"}]},{"@type":"WebSite","@id":"https:\/\/smartcobotix.com\/#website","url":"https:\/\/smartcobotix.com\/","name":"Smart Cobotix GmbH","description":"Cobots | Integration | L\u00f6sungen | B2B- Onlineshop","publisher":{"@id":"https:\/\/smartcobotix.com\/#organization"},"potentialAction":[{"@type":"SearchAction","target":{"@type":"EntryPoint","urlTemplate":"https:\/\/smartcobotix.com\/?s={search_term_string}"},"query-input":"required name=search_term_string"}],"inLanguage":"de"},{"@type":"Organization","@id":"https:\/\/smartcobotix.com\/#organization","name":"Smart Cobotix GmbH","url":"https:\/\/smartcobotix.com\/","logo":{"@type":"ImageObject","inLanguage":"de","@id":"https:\/\/smartcobotix.com\/#\/schema\/logo\/image\/","url":"https:\/\/i0.wp.com\/smartcobotix.com\/wp-content\/uploads\/2021\/02\/cropped-Hintergrund_Linked_Inn.jpg?fit=1584%2C396&ssl=1","contentUrl":"https:\/\/i0.wp.com\/smartcobotix.com\/wp-content\/uploads\/2021\/02\/cropped-Hintergrund_Linked_Inn.jpg?fit=1584%2C396&ssl=1","width":1584,"height":396,"caption":"Smart Cobotix GmbH"},"image":{"@id":"https:\/\/smartcobotix.com\/#\/schema\/logo\/image\/"},"sameAs":["https:\/\/twitter.com\/gmbh_smart","https:\/\/de.linkedin.com\/company\/smart-cobotix-gmbh"]}]}},"_links":{"self":[{"href":"https:\/\/smartcobotix.com\/index.php?rest_route=\/wp\/v2\/pages\/867"}],"collection":[{"href":"https:\/\/smartcobotix.com\/index.php?rest_route=\/wp\/v2\/pages"}],"about":[{"href":"https:\/\/smartcobotix.com\/index.php?rest_route=\/wp\/v2\/types\/page"}],"author":[{"embeddable":true,"href":"https:\/\/smartcobotix.com\/index.php?rest_route=\/wp\/v2\/users\/3"}],"replies":[{"embeddable":true,"href":"https:\/\/smartcobotix.com\/index.php?rest_route=%2Fwp%2Fv2%2Fcomments&post=867"}],"version-history":[{"count":33,"href":"https:\/\/smartcobotix.com\/index.php?rest_route=\/wp\/v2\/pages\/867\/revisions"}],"predecessor-version":[{"id":990,"href":"https:\/\/smartcobotix.com\/index.php?rest_route=\/wp\/v2\/pages\/867\/revisions\/990"}],"wp:attachment":[{"href":"https:\/\/smartcobotix.com\/index.php?rest_route=%2Fwp%2Fv2%2Fmedia&parent=867"}],"curies":[{"name":"wp","href":"https:\/\/api.w.org\/{rel}","templated":true}]}}