{"id":822,"date":"2022-12-14T09:50:19","date_gmt":"2022-12-14T08:50:19","guid":{"rendered":"https:\/\/woo.smartcobotix.com\/?page_id=822"},"modified":"2022-12-14T15:44:52","modified_gmt":"2022-12-14T14:44:52","slug":"produkte","status":"publish","type":"page","link":"https:\/\/smartcobotix.com\/?page_id=822","title":{"rendered":"Smartshift Robotics &#8211; automatischer Werkzeugwechsel"},"content":{"rendered":"<p><img decoding=\"async\" loading=\"lazy\" src=\"https:\/\/smartcobotix.com\/wp-content\/uploads\/2021\/04\/smartshift_utveksling_verktoy_screenshot-300x169.png\" alt=\"Smartshift Tool Changer\" class=\"aligncenter wp-image-202 size-medium\" width=\"600\" height=\"338\" srcset=\"https:\/\/smartcobotix.com\/wp-content\/uploads\/2021\/04\/smartshift_utveksling_verktoy_screenshot-300x169.png 300w, https:\/\/smartcobotix.com\/wp-content\/uploads\/2021\/04\/smartshift_utveksling_verktoy_screenshot-600x338.png 600w, https:\/\/smartcobotix.com\/wp-content\/uploads\/2021\/04\/smartshift_utveksling_verktoy_screenshot-1024x576.png 1024w, https:\/\/smartcobotix.com\/wp-content\/uploads\/2021\/04\/smartshift_utveksling_verktoy_screenshot-768x432.png 768w, https:\/\/smartcobotix.com\/wp-content\/uploads\/2021\/04\/smartshift_utveksling_verktoy_screenshot-1536x864.png 1536w, https:\/\/smartcobotix.com\/wp-content\/uploads\/2021\/04\/smartshift_utveksling_verktoy_screenshot-2048x1152.png 2048w\" sizes=\"(max-width: 600px) 100vw, 600px\" \/><\/p>\n<p style=\"text-align: center;\">Smartshift ist ein automatisches Werkzeugwechselsystem f\u00fcr Roboter.<\/p>\n<p style=\"text-align: center;\">Am Roboter Toolflansch wird der Robot Master verbaut, auf der Werkzeugseite der Tool holder. Dieser wird in der Toolpocket eingespannt und beim abholen mit einem gefederten Pin rein mechanisch verriegelt. Pneumatische und elektrische Durchf\u00fchrung ist m\u00f6glich.<\/p>\n<p style=\"text-align: center;\">Das System passt grunds\u00e4tzlich f\u00fcr die folgenden Roboterhersteller:<\/p>\n<p style=\"text-align: center;\"><em>Abb &#8211; Acutronic &#8211; Aubo &#8211; Automata &#8211; Bosch &#8211;<\/em><br \/>\n<em>Carbon &#8211; Comau &#8211; Denso &#8211; Dlr &#8211; Dobot &#8211; Doosan &#8211;<\/em><br \/>\n<em>Elephant Robotics &#8211; Elibot &#8211; Esi &#8211; F&amp;P Personal<\/em><br \/>\n<em>Robotics &#8211; Fanuc &#8211; Festo &#8211; Flexiv &#8211; Franka Emika &#8211;<\/em><br \/>\n<em>Han\u2019s Robot &#8211; Hanwha &#8211; Hitbot &#8211; Hit Robot Group &#8211;<\/em><br \/>\n<em>Hyunday Robotics &#8211; Inovo Robotics &#8211; Isybot &#8211; Jaka &#8211;<\/em><br \/>\n<em>Kassow Robots &#8211; Kawada Industries Inc. &#8211; Kawasaki<\/em><br \/>\n<em>Robotics &#8211; Kinetic Systems &#8211; Kinova &#8211; Kuka &#8211; Life<\/em><br \/>\n<em>Robotics &#8211; Mabi &#8211; Megarobo &#8211; Mip Robotics &#8211; Modbot &#8211;<\/em><br \/>\n<em>Mrk-Systeme &#8211; Nachi &#8211; Neuromeka &#8211; Niryo &#8211; Omron<\/em><br \/>\n<em>Techman &#8211; Pilz &#8211; Precise Automation &#8211; Productive<\/em><br \/>\n<em>Robotics &#8211; Rainbow Robotics &#8211; Rethink Robotics &#8211;<\/em><br \/>\n<em>Robut Technology &#8211; Rozum Robotics &#8211; Siasun &#8211;<\/em><br \/>\n<em>St Robotics &#8211; Staubli &#8211; Svaya Robotics &#8211; Tokyo Robotics &#8211;<\/em><br \/>\n<em>Ufactory &#8211; Universal Robots &#8211; Yaskawa &#8211; Yuanda<\/em><\/p>\n<p style=\"text-align: center;\">Wie der Wechsel genau funktioniert k\u00f6nnen Sie sich in diesem Video ansehen:<\/p>\n<p><iframe loading=\"lazy\" class=\"aligncenter\" width=\"746\" height=\"420\" src=\"https:\/\/www.youtube.com\/embed\/ASgLBKy3jYk\" title=\"YouTube video player\" frameborder=\"0\" allow=\"accelerometer; autoplay; clipboard-write; encrypted-media; gyroscope; picture-in-picture\" allowfullscreen><\/iframe><\/p>\n<p><strong>Haben wir Ihr Interesse geweckt?<\/strong><\/p>\n<p>[wpforms id=&#8221;942&#8243;]<\/p>\n","protected":false},"excerpt":{"rendered":"<p>Smartshift ist ein automatisches Werkzeugwechselsystem f\u00fcr Roboter. Am Roboter Toolflansch wird der Robot Master verbaut, auf der Werkzeugseite der Tool holder. Dieser wird in der Toolpocket eingespannt und beim abholen mit einem gefederten Pin rein mechanisch verriegelt. Pneumatische und elektrische Durchf\u00fchrung ist m\u00f6glich. Das System passt grunds\u00e4tzlich f\u00fcr die folgenden [&hellip;]<\/p>\n","protected":false},"author":3,"featured_media":0,"parent":0,"menu_order":0,"comment_status":"closed","ping_status":"closed","template":"page-templates\/template-fullwidth.php","meta":{"footnotes":""},"yoast_head":"<!-- This site is optimized with the Yoast SEO plugin v22.3 - https:\/\/yoast.com\/wordpress\/plugins\/seo\/ -->\r\n<title>Smartshift Robotics - automatischer Werkzeugwechsel - Smart Cobotix GmbH<\/title>\r\n<meta name=\"robots\" content=\"index, follow, max-snippet:-1, max-image-preview:large, max-video-preview:-1\" \/>\r\n<link rel=\"canonical\" href=\"https:\/\/smartcobotix.com\/?page_id=822\" \/>\r\n<meta property=\"og:locale\" content=\"de_DE\" \/>\r\n<meta property=\"og:type\" content=\"article\" \/>\r\n<meta property=\"og:title\" content=\"Smartshift Robotics - automatischer Werkzeugwechsel - Smart Cobotix GmbH\" \/>\r\n<meta property=\"og:description\" content=\"Smartshift ist ein automatisches Werkzeugwechselsystem f\u00fcr Roboter. Am Roboter Toolflansch wird der Robot Master verbaut, auf der Werkzeugseite der Tool holder. Dieser wird in der Toolpocket eingespannt und beim abholen mit einem gefederten Pin rein mechanisch verriegelt. Pneumatische und elektrische Durchf\u00fchrung ist m\u00f6glich. Das System passt grunds\u00e4tzlich f\u00fcr die folgenden [&hellip;]\" \/>\r\n<meta property=\"og:url\" content=\"https:\/\/smartcobotix.com\/?page_id=822\" \/>\r\n<meta property=\"og:site_name\" content=\"Smart Cobotix GmbH\" \/>\r\n<meta property=\"article:modified_time\" content=\"2022-12-14T14:44:52+00:00\" \/>\r\n<meta property=\"og:image\" content=\"https:\/\/smartcobotix.com\/wp-content\/uploads\/2021\/04\/smartshift_utveksling_verktoy_screenshot-300x169.png\" \/>\r\n<meta name=\"twitter:card\" content=\"summary_large_image\" \/>\r\n<meta name=\"twitter:site\" content=\"@gmbh_smart\" \/>\r\n<meta name=\"twitter:label1\" content=\"Gesch\u00e4tzte Lesezeit\" \/>\n\t<meta name=\"twitter:data1\" content=\"1\u00a0Minute\" \/>\r\n<script type=\"application\/ld+json\" class=\"yoast-schema-graph\">{\"@context\":\"https:\/\/schema.org\",\"@graph\":[{\"@type\":\"WebPage\",\"@id\":\"https:\/\/smartcobotix.com\/?page_id=822\",\"url\":\"https:\/\/smartcobotix.com\/?page_id=822\",\"name\":\"Smartshift Robotics - automatischer Werkzeugwechsel - Smart Cobotix GmbH\",\"isPartOf\":{\"@id\":\"https:\/\/smartcobotix.com\/#website\"},\"primaryImageOfPage\":{\"@id\":\"https:\/\/smartcobotix.com\/?page_id=822#primaryimage\"},\"image\":{\"@id\":\"https:\/\/smartcobotix.com\/?page_id=822#primaryimage\"},\"thumbnailUrl\":\"https:\/\/smartcobotix.com\/wp-content\/uploads\/2021\/04\/smartshift_utveksling_verktoy_screenshot-300x169.png\",\"datePublished\":\"2022-12-14T08:50:19+00:00\",\"dateModified\":\"2022-12-14T14:44:52+00:00\",\"breadcrumb\":{\"@id\":\"https:\/\/smartcobotix.com\/?page_id=822#breadcrumb\"},\"inLanguage\":\"de\",\"potentialAction\":[{\"@type\":\"ReadAction\",\"target\":[\"https:\/\/smartcobotix.com\/?page_id=822\"]}]},{\"@type\":\"ImageObject\",\"inLanguage\":\"de\",\"@id\":\"https:\/\/smartcobotix.com\/?page_id=822#primaryimage\",\"url\":\"https:\/\/smartcobotix.com\/wp-content\/uploads\/2021\/04\/smartshift_utveksling_verktoy_screenshot-300x169.png\",\"contentUrl\":\"https:\/\/smartcobotix.com\/wp-content\/uploads\/2021\/04\/smartshift_utveksling_verktoy_screenshot-300x169.png\"},{\"@type\":\"BreadcrumbList\",\"@id\":\"https:\/\/smartcobotix.com\/?page_id=822#breadcrumb\",\"itemListElement\":[{\"@type\":\"ListItem\",\"position\":1,\"name\":\"Startseite\",\"item\":\"https:\/\/smartcobotix.com\/\"},{\"@type\":\"ListItem\",\"position\":2,\"name\":\"Smartshift Robotics &#8211; automatischer Werkzeugwechsel\"}]},{\"@type\":\"WebSite\",\"@id\":\"https:\/\/smartcobotix.com\/#website\",\"url\":\"https:\/\/smartcobotix.com\/\",\"name\":\"Smart Cobotix GmbH\",\"description\":\"Cobots | Integration | L\u00f6sungen | B2B- Onlineshop\",\"publisher\":{\"@id\":\"https:\/\/smartcobotix.com\/#organization\"},\"potentialAction\":[{\"@type\":\"SearchAction\",\"target\":{\"@type\":\"EntryPoint\",\"urlTemplate\":\"https:\/\/smartcobotix.com\/?s={search_term_string}\"},\"query-input\":\"required name=search_term_string\"}],\"inLanguage\":\"de\"},{\"@type\":\"Organization\",\"@id\":\"https:\/\/smartcobotix.com\/#organization\",\"name\":\"Smart Cobotix GmbH\",\"url\":\"https:\/\/smartcobotix.com\/\",\"logo\":{\"@type\":\"ImageObject\",\"inLanguage\":\"de\",\"@id\":\"https:\/\/smartcobotix.com\/#\/schema\/logo\/image\/\",\"url\":\"https:\/\/i0.wp.com\/smartcobotix.com\/wp-content\/uploads\/2021\/02\/cropped-Hintergrund_Linked_Inn.jpg?fit=1584%2C396&ssl=1\",\"contentUrl\":\"https:\/\/i0.wp.com\/smartcobotix.com\/wp-content\/uploads\/2021\/02\/cropped-Hintergrund_Linked_Inn.jpg?fit=1584%2C396&ssl=1\",\"width\":1584,\"height\":396,\"caption\":\"Smart Cobotix GmbH\"},\"image\":{\"@id\":\"https:\/\/smartcobotix.com\/#\/schema\/logo\/image\/\"},\"sameAs\":[\"https:\/\/twitter.com\/gmbh_smart\",\"https:\/\/de.linkedin.com\/company\/smart-cobotix-gmbh\"]}]}<\/script>\r\n<!-- \/ Yoast SEO plugin. -->","yoast_head_json":{"title":"Smartshift Robotics - automatischer Werkzeugwechsel - Smart Cobotix GmbH","robots":{"index":"index","follow":"follow","max-snippet":"max-snippet:-1","max-image-preview":"max-image-preview:large","max-video-preview":"max-video-preview:-1"},"canonical":"https:\/\/smartcobotix.com\/?page_id=822","og_locale":"de_DE","og_type":"article","og_title":"Smartshift Robotics - automatischer Werkzeugwechsel - Smart Cobotix GmbH","og_description":"Smartshift ist ein automatisches Werkzeugwechselsystem f\u00fcr Roboter. Am Roboter Toolflansch wird der Robot Master verbaut, auf der Werkzeugseite der Tool holder. Dieser wird in der Toolpocket eingespannt und beim abholen mit einem gefederten Pin rein mechanisch verriegelt. Pneumatische und elektrische Durchf\u00fchrung ist m\u00f6glich. Das System passt grunds\u00e4tzlich f\u00fcr die folgenden [&hellip;]","og_url":"https:\/\/smartcobotix.com\/?page_id=822","og_site_name":"Smart Cobotix GmbH","article_modified_time":"2022-12-14T14:44:52+00:00","og_image":[{"url":"https:\/\/smartcobotix.com\/wp-content\/uploads\/2021\/04\/smartshift_utveksling_verktoy_screenshot-300x169.png"}],"twitter_card":"summary_large_image","twitter_site":"@gmbh_smart","twitter_misc":{"Gesch\u00e4tzte Lesezeit":"1\u00a0Minute"},"schema":{"@context":"https:\/\/schema.org","@graph":[{"@type":"WebPage","@id":"https:\/\/smartcobotix.com\/?page_id=822","url":"https:\/\/smartcobotix.com\/?page_id=822","name":"Smartshift Robotics - automatischer Werkzeugwechsel - Smart Cobotix GmbH","isPartOf":{"@id":"https:\/\/smartcobotix.com\/#website"},"primaryImageOfPage":{"@id":"https:\/\/smartcobotix.com\/?page_id=822#primaryimage"},"image":{"@id":"https:\/\/smartcobotix.com\/?page_id=822#primaryimage"},"thumbnailUrl":"https:\/\/smartcobotix.com\/wp-content\/uploads\/2021\/04\/smartshift_utveksling_verktoy_screenshot-300x169.png","datePublished":"2022-12-14T08:50:19+00:00","dateModified":"2022-12-14T14:44:52+00:00","breadcrumb":{"@id":"https:\/\/smartcobotix.com\/?page_id=822#breadcrumb"},"inLanguage":"de","potentialAction":[{"@type":"ReadAction","target":["https:\/\/smartcobotix.com\/?page_id=822"]}]},{"@type":"ImageObject","inLanguage":"de","@id":"https:\/\/smartcobotix.com\/?page_id=822#primaryimage","url":"https:\/\/smartcobotix.com\/wp-content\/uploads\/2021\/04\/smartshift_utveksling_verktoy_screenshot-300x169.png","contentUrl":"https:\/\/smartcobotix.com\/wp-content\/uploads\/2021\/04\/smartshift_utveksling_verktoy_screenshot-300x169.png"},{"@type":"BreadcrumbList","@id":"https:\/\/smartcobotix.com\/?page_id=822#breadcrumb","itemListElement":[{"@type":"ListItem","position":1,"name":"Startseite","item":"https:\/\/smartcobotix.com\/"},{"@type":"ListItem","position":2,"name":"Smartshift Robotics &#8211; automatischer Werkzeugwechsel"}]},{"@type":"WebSite","@id":"https:\/\/smartcobotix.com\/#website","url":"https:\/\/smartcobotix.com\/","name":"Smart Cobotix GmbH","description":"Cobots | Integration | L\u00f6sungen | B2B- Onlineshop","publisher":{"@id":"https:\/\/smartcobotix.com\/#organization"},"potentialAction":[{"@type":"SearchAction","target":{"@type":"EntryPoint","urlTemplate":"https:\/\/smartcobotix.com\/?s={search_term_string}"},"query-input":"required name=search_term_string"}],"inLanguage":"de"},{"@type":"Organization","@id":"https:\/\/smartcobotix.com\/#organization","name":"Smart Cobotix GmbH","url":"https:\/\/smartcobotix.com\/","logo":{"@type":"ImageObject","inLanguage":"de","@id":"https:\/\/smartcobotix.com\/#\/schema\/logo\/image\/","url":"https:\/\/i0.wp.com\/smartcobotix.com\/wp-content\/uploads\/2021\/02\/cropped-Hintergrund_Linked_Inn.jpg?fit=1584%2C396&ssl=1","contentUrl":"https:\/\/i0.wp.com\/smartcobotix.com\/wp-content\/uploads\/2021\/02\/cropped-Hintergrund_Linked_Inn.jpg?fit=1584%2C396&ssl=1","width":1584,"height":396,"caption":"Smart Cobotix GmbH"},"image":{"@id":"https:\/\/smartcobotix.com\/#\/schema\/logo\/image\/"},"sameAs":["https:\/\/twitter.com\/gmbh_smart","https:\/\/de.linkedin.com\/company\/smart-cobotix-gmbh"]}]}},"_links":{"self":[{"href":"https:\/\/smartcobotix.com\/index.php?rest_route=\/wp\/v2\/pages\/822"}],"collection":[{"href":"https:\/\/smartcobotix.com\/index.php?rest_route=\/wp\/v2\/pages"}],"about":[{"href":"https:\/\/smartcobotix.com\/index.php?rest_route=\/wp\/v2\/types\/page"}],"author":[{"embeddable":true,"href":"https:\/\/smartcobotix.com\/index.php?rest_route=\/wp\/v2\/users\/3"}],"replies":[{"embeddable":true,"href":"https:\/\/smartcobotix.com\/index.php?rest_route=%2Fwp%2Fv2%2Fcomments&post=822"}],"version-history":[{"count":18,"href":"https:\/\/smartcobotix.com\/index.php?rest_route=\/wp\/v2\/pages\/822\/revisions"}],"predecessor-version":[{"id":965,"href":"https:\/\/smartcobotix.com\/index.php?rest_route=\/wp\/v2\/pages\/822\/revisions\/965"}],"wp:attachment":[{"href":"https:\/\/smartcobotix.com\/index.php?rest_route=%2Fwp%2Fv2%2Fmedia&parent=822"}],"curies":[{"name":"wp","href":"https:\/\/api.w.org\/{rel}","templated":true}]}}