{"id":661,"date":"2020-09-09T17:55:08","date_gmt":"2020-09-09T17:55:08","guid":{"rendered":"https:\/\/demosites.io\/shop-gb\/?page_id=265"},"modified":"2023-04-20T13:20:04","modified_gmt":"2023-04-20T12:20:04","slug":"kalibrierung","status":"publish","type":"page","link":"https:\/\/smartcobotix.com\/","title":{"rendered":"Home"},"content":{"rendered":"<p><img decoding=\"async\" loading=\"lazy\" src=\"https:\/\/woo.smartcobotix.com\/wp-content\/uploads\/2023\/04\/MFT-Rendern-2-1-576x1024.png\" alt=\"\" width=\"576\" height=\"1024\" class=\"aligncenter wp-image-1213 size-large\" srcset=\"https:\/\/smartcobotix.com\/wp-content\/uploads\/2023\/04\/MFT-Rendern-2-1-576x1024.png 576w, https:\/\/smartcobotix.com\/wp-content\/uploads\/2023\/04\/MFT-Rendern-2-1-169x300.png 169w, https:\/\/smartcobotix.com\/wp-content\/uploads\/2023\/04\/MFT-Rendern-2-1-768x1365.png 768w, https:\/\/smartcobotix.com\/wp-content\/uploads\/2023\/04\/MFT-Rendern-2-1-864x1536.png 864w, https:\/\/smartcobotix.com\/wp-content\/uploads\/2023\/04\/MFT-Rendern-2-1-600x1067.png 600w, https:\/\/smartcobotix.com\/wp-content\/uploads\/2023\/04\/MFT-Rendern-2-1.png 1080w\" sizes=\"(max-width: 576px) 100vw, 576px\" \/><\/p>\r\n<div id=\"wp-block-themeisle-blocks-advanced-columns-2e16e929\" class=\"wp-block-themeisle-blocks-advanced-columns alignfull has-1-columns has-desktop-equal-layout has-tablet-equal-layout has-mobile-equal-layout has-vertical-center\">\r\n<div class=\"innerblocks-wrap\">\r\n<div id=\"wp-block-themeisle-blocks-advanced-column-630e65ce\" class=\"wp-block-themeisle-blocks-advanced-column\"><header class=\"entry-header\">\r\n<h1 class=\"entry-title wp-block-heading\">Roboter on Tour: \u201cMagic Finger Tip\u201d macht Nullspannsysteme \u00fcberfl\u00fcssig<\/h1>\r\n<\/header>\r\n<div class=\"entry-content clearfix\">\r\n<p><a href=\"https:\/\/smartcobotix.com\/\" target=\"_blank\" rel=\"noreferrer noopener\">Smart Cobotix<\/a><span>\u00a0<\/span>ist als Universal Robots-Partner und als Mitglied des Deutschen Robotik Verbandes bestens bekannt. Zusammen mit Partner hat das KMU eine L\u00f6sung entwickelt, die Cobots auf mobile Fahrzeuge\/ Roboter erst richtig mobil macht, wie nachfolgende Pressemitteilung verdeutlich. Der Preis ist mir nicht bekannt, doch soll es bis zum 31. Mai 2023 einen Markteinf\u00fchrungspreis geben. Das Produkt tr\u00e4gt den Namen \u201cMagic Finger Tip\u201d (kurz MFT) und ist vorerst nur f\u00fcr Universal Robots ausgelegt.<\/p>\r\n<ul>\r\n<li>Roboter steht auf einem fahrbaren Gestell ohne angetriebene Rollen, wird h\u00e4ndisch von Station zu Station verschoben (ortsver\u00e4ndert).<\/li>\r\n<li>Roboter steht auf einem selbstfahrenden Flurf\u00f6rderfahrzeug, einem FTS (AGV\/ AMR)<\/li>\r\n<li>Roboter kommt bei neuer Station an, dort wird automatisch mit dem MFT die neue Position ertastet. Ein ausgekl\u00fcgeltes Programm ermittelt laufend Korrekturwerte zur Verrechnung mit den vorher ausgew\u00e4hlten Koordinatensystemen. \u00dcbliches langwieriges Ausrichten mit Nullspannsystem oder \u00e4hnlichem entf\u00e4llt.<\/li>\r\n<li>Roboter f\u00fchrt ohne Einlernen an der neuen Station sein einstmals erlerntes Programm innerhalb k\u00fcrzester Zeit nach seiner Umplatzierung wieder aus.<\/li>\r\n<li>Das darf man dann mobil nennen. Zeitersparnis sowie Vielf\u00e4ltigkeit lassen Amortisation ganz neu rechnen.<\/li>\r\n<\/ul>\r\n<h4 class=\"wp-block-heading\" id=\"h-alternative-zu-kamerasystemen-und-nullspannsysteme\"><strong><em>Alternative zu Kamerasystemen und Nullspannsysteme<\/em><\/strong><\/h4>\r\n<p>Der Begriff mobile Robotik beinhaltet, dass der Roboter flexibel an verschiedenen Orten eingesetzt werden kann. Ver\u00e4ndert er seine Position, muss er an seinem neuen Ort exakt ausgerichtet werden, damit er sein einstmals erlerntes Programm, an seiner neuen Position, wieder fehlerfrei ausf\u00fchren kann. Hierf\u00fcr bedurfte es bisher komplizierter Nullspannsysteme oder sehr aufwendiger und teurer Kameratechniken, der allerdings immer noch ein entscheidendes Detail fehlt: Die Rotationsangabe um mindestens eine Achse.<\/p>\r\n<p>Hier setzt der \u201eMagic Finger Tip\u201c ein. An jeder Arbeits-Station befindet sich eine daf\u00fcr vorgesehene Buchse der \u201eMagic Finger Socket\u201c. Diese Position wurde einmal angelernt. Dem \u201eMagic Finger Tip\u201c wurde eine Vorposition mit kleinem Abstand vor dem MFS zugewiesen. Wenn der Befehl kommt, die Position zu suchen, taucht der \u201eMagic Finger Tip\u201c in den \u201eMagic Finger Socket\u201c ein, eine Kalibrierungsfahrt beginnt, nach deren Abschluss wird das Programm der Station abgefahren. Kommt der Roboter wieder an diese Station, so kann er mit einer maximalen Toleranz von 40 mm in der Vorposition stehend mit einer Suchfahrt seinen \u201eMagic Finger Socket\u201c wieder finden und sein Programm abfahren. Aufw\u00e4ndiges Koppeln und Ausrichten entf\u00e4llt.<\/p>\r\n<h4 class=\"wp-block-heading\" id=\"h-was-geht-genau-vor-sich\"><strong><em>Was geht genau vor sich?<\/em><\/strong><\/h4>\r\n<p>Nach dem Abschluss eines automatisierten Ablaufschemas wird ein neues tempor\u00e4res Koordinatensystem erstellt. Dieses Koordinatensystem beinhaltet alle Drehlagen der 3 Achsen (X,Y,Z). Dies macht es m\u00f6glich einen Roboter von einer Stelle an eine andere zu verlagern und neue Aufgaben ausf\u00fchren zu lassen, nachdem die Kalibrierungsfahrt ausgef\u00fchrt wurde. Die Kalibrierungsfahrt beinhaltet die Erkennung eines Langlochs durch Absenkung um einen Passstift. Das Langloch wird vermessen und somit die Rotation der Achse ermittelt, die gerade ausgew\u00e4hlt war.\u00a0 Der \u201eMagic Finger Tip\u201c mit seinem Magic Finger Socket ist hierbei nur Mittel zum Zweck. Am besten legt man den \u201eMagic Finger Tip\u201c nach getaner Vermessung wieder ab. Daf\u00fcr wird ein automatisches Werkzeugwechselsystem zum Beispiel von<span>\u00a0<\/span><a href=\"https:\/\/woo.smartcobotix.com\/automatischer-werkzeugwechsel-partnerschaft-mit-smartshift-robotics\/\" target=\"_blank\" rel=\"noreferrer noopener\">SMARTSHIFT robotics<\/a><span>\u00a0<\/span>empfohlen. Man bel\u00e4sst den \u201eMagic Finger Tip\u201c am mobilen Untergestell und hat am Arbeitsplatz das Arbeitswerkzeug aufnehmbar in einer Wechseltasche. Die Einmessung wird mittels \u201eMagic Finger Tip\u201c vorgenommen. Das Koordinatensystem wird mit einer speziellen Software erstellt. Die nachfolgende Real Time Berechnungen ebenso.<\/p>\r\n<p>Der \u201eMagic Finger Tip\u201c ist auf Roboter der e-Serie von Universal Robots mit Ihren Kraft Momenten Sensoren abgestimmt. Die Programmierung erfolgt im Polyscope\u00ae mit den Werkzeugen aus dem URcap. Die Programmierung des URcap wurde von der Firma Gr\u00e4ff Robotics GmbH aus Hennef vorgenommen.<\/p>\r\n<div class=\"wp-block-image\">\r\n<figure class=\"aligncenter size-full is-resized\"><img decoding=\"async\" loading=\"lazy\" src=\"https:\/\/mrk-blog.de\/wp-content\/uploads\/2023\/04\/Wagen.jpg\" data-lazy-type=\"image\" data-src=\"https:\/\/mrk-blog.de\/wp-content\/uploads\/2023\/04\/Wagen.jpg\" alt=\"\" class=\"wp-image-12827 lazy-loaded\" width=\"245\" height=\"367\" srcset=\"https:\/\/i0.wp.com\/mrk-blog.de\/wp-content\/uploads\/2023\/04\/Wagen.jpg?w=673&amp;ssl=1 673w, https:\/\/i0.wp.com\/mrk-blog.de\/wp-content\/uploads\/2023\/04\/Wagen.jpg?resize=200%2C300&amp;ssl=1 200w, https:\/\/i0.wp.com\/mrk-blog.de\/wp-content\/uploads\/2023\/04\/Wagen.jpg?resize=600%2C900&amp;ssl=1 600w\" data-srcset=\"\" sizes=\"(max-width: 245px) 100vw, 245px\" data-recalc-dims=\"1\" \/><\/figure>\r\n<\/div>\r\n<h4 class=\"wp-block-heading\" id=\"h-wofur-brauchen-sie-dieses-system-3-moglichkeiten-werden-vorgestellt\"><strong><em>Wof\u00fcr brauchen Sie dieses System? 3 M\u00f6glichkeiten werden vorgestellt<\/em><\/strong><\/h4>\r\n<p>Die<span>\u00a0<\/span><em><strong>1. M\u00f6glichkeit<\/strong><\/em>: h\u00e4ndisch verfahren. Hier wird der Roboter auf seinem Gestell h\u00e4ndisch an seine vordefinierte Position gefahren. Dort erfasst er dann mittels \u201eMagic Finger Tip\u201c in Kombination mit dem \u201eMagic Finger Socket\u201c seine Koordinaten. Dies bedeutet zum Beispiel, dass der Roboter auf fast 100% Auslastung, abz\u00fcglich der kurzen Verfahr- und Einrichtungszeit, kommt. Mit auto-matischem oder h\u00e4ndischem Wechsel-system vernachl\u00e4ssigbar. Der Roboter ist in der Amortisationsrechnung nicht mehr an ein Produkt gebunden. Die Kosten f\u00fcr die mobile Einheit k\u00f6nnen in einem Mix aus verschiedenen Produkten umgelegt werden. Die Fa. Smart Cobotix GmbH bietet den mobilen Wagen, das Safety System, Roboter sowie als CSI von Universal Robots auch eine komplette Integration des Sytems in Ihre Anlage an.<\/p>\r\n<p>Auf kundenspezifische Bed\u00fcrfnisse wird selbstverst\u00e4ndlich projektspezifisch eingegangen. So bietet Smart Cobotix ebenso: individuelle Greifer- Systeme, abgestimmte Sonderfunktionen sowie auto-matische Werkzeugwechsel-Systeme (elektrisch, pneumatisch oder beides).<\/p>\r\n<p>Die<span>\u00a0<\/span><strong><em>2. M\u00f6glichkei<\/em>t:<\/strong><span>\u00a0<\/span>Hier ist der Roboter auf einem FTS der Firma MiR aus D\u00e4nemark \u00a0mit einem manuellen Schnellwechselsystem von GRIP GmbH Handhabungstechnik \u00a0montiert. Flexibilit\u00e4t ist Trumpf. Der Roboter kann unterschiedliche Aufgaben ausf\u00fchren. In diesem Falle wird der \u201eMagic Finger Tip\u201c von Hand gewechselt um eine Arbeit mit einem anderen Werkzeug ausf\u00fchren zu k\u00f6nnen<a>.<\/a><\/p>\r\n<p>Im Hause BLEICHERT Automation in Osterburken wurde der auf einem omnidirektionalen BLEICHERT FTS montierte Roboter mit automatischem Werkzeugwechselsystem der Firma SMARTSHIFT robotics aus Norwegen ausgestattet. Das Arbeitswerkzeug, ein \u00fcblicher Finger-Greifer, befand sich dabei in der Werkzeughalterung an der statio\u00e4ren Arbeitstation. Der MFT wird in der Werkzeughalterung am Fahrzeug mitgef\u00fchrt. Nach der Kalibrierung wird der\u00a0 \u201eMagic Finger Tip\u201c auf der mobilen Seite abgelegt und der Greifer auf der station\u00e4ren aufgenommen. Ist die Arbeit beendet, wird der Greifer dort wieder abgelegt. Das FTS kann selbst\u00e4ndig zur n\u00e4chsten Station fahren. Es findet eine st\u00e4ndige Interaktion zwischen Roboter und FTS statt. Beide Systeme sind sicherheitstechnisch gekoppelt.<\/p>\r\n<p>Die<span>\u00a0<\/span><em><strong>3. M\u00f6gli<\/strong><\/em><strong><em>chkeit<\/em><\/strong><span>\u00a0<\/span>des \u201eMagic Finger Tips\u201c ist das Kalibrieren des FTS. Befindet sich der Roboter auf der Festseite und der Magic Finger Socket auf dem FTS, so kann zum Beispiel ein eng tolerierter KLT oder Blister sicher bef\u00fcllt werden, auch wenn das FTS nicht genau winkelgetreu oder abstandsgetreu steht.<\/p>\r\n<p>Bei der st\u00e4ndiugen Weiterentwicklung wird das System um eine RFID Lese- und Schreibeinheit erweitert. Schlussendlich wird eine spezielle Kamera zum Einsatz kommen, welche den Toleranzbereich zum Finden des Magic Finger Socket erheblich erweitert. Haben Sie erkannt welch ungeahnten M\u00f6glichkeiten sich mit dem Magic Finger Tip ergeben? Mobile Schwei\u00dfwagen, mobile Schraubeinheiten, soviele weitere mobile M\u00f6glichkeiten durch k\u00fcrzeste Wechselzeiten und pr\u00e4zisem Anpassen zwischen neuer Standort und erstmals eingelerten Programm.<\/p>\r\n<div class=\"wp-block-image\">\r\n<figure class=\"aligncenter size-full is-resized\"><img decoding=\"async\" loading=\"lazy\" src=\"https:\/\/mrk-blog.de\/wp-content\/uploads\/2023\/04\/Werkstatt-1.jpg\" data-lazy-type=\"image\" data-src=\"https:\/\/mrk-blog.de\/wp-content\/uploads\/2023\/04\/Werkstatt-1.jpg\" alt=\"\" class=\"wp-image-12831 lazy-loaded\" width=\"494\" height=\"579\" srcset=\"https:\/\/i0.wp.com\/mrk-blog.de\/wp-content\/uploads\/2023\/04\/Werkstatt-1.jpg?w=672&amp;ssl=1 672w, https:\/\/i0.wp.com\/mrk-blog.de\/wp-content\/uploads\/2023\/04\/Werkstatt-1.jpg?resize=256%2C300&amp;ssl=1 256w, https:\/\/i0.wp.com\/mrk-blog.de\/wp-content\/uploads\/2023\/04\/Werkstatt-1.jpg?resize=600%2C703&amp;ssl=1 600w\" data-srcset=\"\" sizes=\"(max-width: 494px) 100vw, 494px\" data-recalc-dims=\"1\" \/><\/figure>\r\n<\/div>\r\n<\/div>\r\n<\/div>\r\n<\/div>\r\n<\/div>\r\n<div id=\"wp-block-themeisle-blocks-advanced-columns-57bfef66\" class=\"wp-block-themeisle-blocks-advanced-columns alignfull has-1-columns has-desktop-equal-layout has-tablet-equal-layout has-mobile-equal-layout has-vertical-unset\">\r\n<div class=\"innerblocks-wrap\">\r\n<div id=\"wp-block-themeisle-blocks-advanced-column-88849554\" class=\"wp-block-themeisle-blocks-advanced-column\">\r\n<div id=\"wp-block-themeisle-blocks-advanced-columns-f4d5db45\" class=\"wp-block-themeisle-blocks-advanced-columns has-3-columns has-desktop-equal-layout has-tablet-equal-layout has-mobile-collapsedRows-layout has-vertical-unset\">\r\n<div class=\"innerblocks-wrap\">\r\n<div id=\"wp-block-themeisle-blocks-advanced-column-4f9991e5\" class=\"wp-block-themeisle-blocks-advanced-column\">\r\n<div class=\"wp-block-themeisle-blocks-service\">\r\n<p class=\"has-text-align-center\"><\/p>\r\n<\/div>\r\n<\/div>\r\n<!-- \/wp:themeisle-blocks\/advanced-column --><\/div>\r\n<\/div>\r\n<!-- \/wp:themeisle-blocks\/advanced-columns --><\/div>\r\n<!-- \/wp:themeisle-blocks\/advanced-column --><\/div>\r\n<\/div>\r\n<!-- \/wp:themeisle-blocks\/advanced-columns -->\r\n\r\n<!-- wp:themeisle-blocks\/advanced-columns {\"id\":\"wp-block-themeisle-blocks-advanced-columns-11adf6c7\",\"columns\":1,\"layout\":\"equal\",\"padding\":{\"top\":\"20px\",\"bottom\":\"40px\",\"left\":\"0px\",\"right\":\"0px\"},\"paddingTablet\":{\"top\":null,\"bottom\":null,\"left\":null,\"right\":null},\"paddingMobile\":{\"top\":null,\"bottom\":null,\"left\":null,\"right\":null},\"margin\":{\"top\":\"0px\",\"bottom\":\"0px\"},\"marginTablet\":{\"top\":null,\"bottom\":null},\"marginMobile\":{\"top\":null,\"bottom\":null},\"columnsWidth\":1170,\"backgroundColor\":\"var(\\u002d\\u002dnv-site-bg)\",\"backgroundPosition\":{\"x\":\"0.00\",\"y\":\"0.00\"},\"backgroundOverlayPosition\":{\"x\":\"0.00\",\"y\":\"0.00\"},\"border\":{\"top\":\"0px\",\"bottom\":\"0px\",\"left\":\"0px\",\"right\":\"0px\"},\"borderRadius\":{\"top\":\"0px\",\"bottom\":\"0px\",\"left\":\"0px\",\"right\":\"0px\"},\"otterConditions\":[]} -->\r\n<div id=\"wp-block-themeisle-blocks-advanced-columns-11adf6c7\" class=\"wp-block-themeisle-blocks-advanced-columns has-1-columns has-desktop-equal-layout has-tablet-equal-layout has-mobile-equal-layout has-vertical-unset\">\r\n<div class=\"wp-block-themeisle-blocks-advanced-columns-overlay\"><\/div>\r\n<\/div>\r\n<!-- \/wp:themeisle-blocks\/advanced-columns -->","protected":false},"excerpt":{"rendered":"","protected":false},"author":3,"featured_media":0,"parent":0,"menu_order":0,"comment_status":"closed","ping_status":"closed","template":"","meta":{"footnotes":""},"yoast_head":"<!-- This site is optimized with the Yoast SEO plugin v22.3 - https:\/\/yoast.com\/wordpress\/plugins\/seo\/ -->\r\n<title>Home - Smart Cobotix GmbH<\/title>\r\n<meta name=\"robots\" content=\"index, follow, max-snippet:-1, max-image-preview:large, max-video-preview:-1\" \/>\r\n<link rel=\"canonical\" href=\"https:\/\/smartcobotix.com\/\" \/>\r\n<meta property=\"og:locale\" content=\"de_DE\" \/>\r\n<meta property=\"og:type\" content=\"article\" \/>\r\n<meta property=\"og:title\" content=\"Home - Smart Cobotix GmbH\" \/>\r\n<meta property=\"og:url\" content=\"https:\/\/smartcobotix.com\/\" \/>\r\n<meta property=\"og:site_name\" content=\"Smart Cobotix GmbH\" \/>\r\n<meta property=\"article:modified_time\" content=\"2023-04-20T12:20:04+00:00\" \/>\r\n<meta property=\"og:image\" content=\"https:\/\/woo.smartcobotix.com\/wp-content\/uploads\/2023\/04\/MFT-Rendern-2-1-576x1024.png\" \/>\r\n<meta name=\"twitter:card\" content=\"summary_large_image\" \/>\r\n<meta name=\"twitter:site\" content=\"@gmbh_smart\" \/>\r\n<meta name=\"twitter:label1\" content=\"Gesch\u00e4tzte Lesezeit\" \/>\n\t<meta name=\"twitter:data1\" content=\"5\u00a0Minuten\" \/>\r\n<script type=\"application\/ld+json\" class=\"yoast-schema-graph\">{\"@context\":\"https:\/\/schema.org\",\"@graph\":[{\"@type\":\"WebPage\",\"@id\":\"https:\/\/smartcobotix.com\/\",\"url\":\"https:\/\/smartcobotix.com\/\",\"name\":\"Home - Smart Cobotix GmbH\",\"isPartOf\":{\"@id\":\"https:\/\/smartcobotix.com\/#website\"},\"primaryImageOfPage\":{\"@id\":\"https:\/\/smartcobotix.com\/#primaryimage\"},\"image\":{\"@id\":\"https:\/\/smartcobotix.com\/#primaryimage\"},\"thumbnailUrl\":\"https:\/\/woo.smartcobotix.com\/wp-content\/uploads\/2023\/04\/MFT-Rendern-2-1-576x1024.png\",\"datePublished\":\"2020-09-09T17:55:08+00:00\",\"dateModified\":\"2023-04-20T12:20:04+00:00\",\"breadcrumb\":{\"@id\":\"https:\/\/smartcobotix.com\/#breadcrumb\"},\"inLanguage\":\"de\",\"potentialAction\":[{\"@type\":\"ReadAction\",\"target\":[\"https:\/\/smartcobotix.com\/\"]}]},{\"@type\":\"ImageObject\",\"inLanguage\":\"de\",\"@id\":\"https:\/\/smartcobotix.com\/#primaryimage\",\"url\":\"https:\/\/smartcobotix.com\/wp-content\/uploads\/2023\/04\/MFT-Rendern-2-1.png\",\"contentUrl\":\"https:\/\/smartcobotix.com\/wp-content\/uploads\/2023\/04\/MFT-Rendern-2-1.png\",\"width\":1080,\"height\":1920},{\"@type\":\"BreadcrumbList\",\"@id\":\"https:\/\/smartcobotix.com\/#breadcrumb\",\"itemListElement\":[{\"@type\":\"ListItem\",\"position\":1,\"name\":\"Startseite\",\"item\":\"https:\/\/smartcobotix.com\/\"},{\"@type\":\"ListItem\",\"position\":2,\"name\":\"Home\"}]},{\"@type\":\"WebSite\",\"@id\":\"https:\/\/smartcobotix.com\/#website\",\"url\":\"https:\/\/smartcobotix.com\/\",\"name\":\"Smart Cobotix GmbH\",\"description\":\"Cobots | Integration | L\u00f6sungen | B2B- Onlineshop\",\"publisher\":{\"@id\":\"https:\/\/smartcobotix.com\/#organization\"},\"potentialAction\":[{\"@type\":\"SearchAction\",\"target\":{\"@type\":\"EntryPoint\",\"urlTemplate\":\"https:\/\/smartcobotix.com\/?s={search_term_string}\"},\"query-input\":\"required name=search_term_string\"}],\"inLanguage\":\"de\"},{\"@type\":\"Organization\",\"@id\":\"https:\/\/smartcobotix.com\/#organization\",\"name\":\"Smart Cobotix GmbH\",\"url\":\"https:\/\/smartcobotix.com\/\",\"logo\":{\"@type\":\"ImageObject\",\"inLanguage\":\"de\",\"@id\":\"https:\/\/smartcobotix.com\/#\/schema\/logo\/image\/\",\"url\":\"https:\/\/i0.wp.com\/smartcobotix.com\/wp-content\/uploads\/2021\/02\/cropped-Hintergrund_Linked_Inn.jpg?fit=1584%2C396&ssl=1\",\"contentUrl\":\"https:\/\/i0.wp.com\/smartcobotix.com\/wp-content\/uploads\/2021\/02\/cropped-Hintergrund_Linked_Inn.jpg?fit=1584%2C396&ssl=1\",\"width\":1584,\"height\":396,\"caption\":\"Smart Cobotix GmbH\"},\"image\":{\"@id\":\"https:\/\/smartcobotix.com\/#\/schema\/logo\/image\/\"},\"sameAs\":[\"https:\/\/twitter.com\/gmbh_smart\",\"https:\/\/de.linkedin.com\/company\/smart-cobotix-gmbh\"]}]}<\/script>\r\n<!-- \/ Yoast SEO plugin. -->","yoast_head_json":{"title":"Home - Smart Cobotix GmbH","robots":{"index":"index","follow":"follow","max-snippet":"max-snippet:-1","max-image-preview":"max-image-preview:large","max-video-preview":"max-video-preview:-1"},"canonical":"https:\/\/smartcobotix.com\/","og_locale":"de_DE","og_type":"article","og_title":"Home - Smart Cobotix GmbH","og_url":"https:\/\/smartcobotix.com\/","og_site_name":"Smart Cobotix GmbH","article_modified_time":"2023-04-20T12:20:04+00:00","og_image":[{"url":"https:\/\/woo.smartcobotix.com\/wp-content\/uploads\/2023\/04\/MFT-Rendern-2-1-576x1024.png"}],"twitter_card":"summary_large_image","twitter_site":"@gmbh_smart","twitter_misc":{"Gesch\u00e4tzte Lesezeit":"5\u00a0Minuten"},"schema":{"@context":"https:\/\/schema.org","@graph":[{"@type":"WebPage","@id":"https:\/\/smartcobotix.com\/","url":"https:\/\/smartcobotix.com\/","name":"Home - Smart Cobotix GmbH","isPartOf":{"@id":"https:\/\/smartcobotix.com\/#website"},"primaryImageOfPage":{"@id":"https:\/\/smartcobotix.com\/#primaryimage"},"image":{"@id":"https:\/\/smartcobotix.com\/#primaryimage"},"thumbnailUrl":"https:\/\/woo.smartcobotix.com\/wp-content\/uploads\/2023\/04\/MFT-Rendern-2-1-576x1024.png","datePublished":"2020-09-09T17:55:08+00:00","dateModified":"2023-04-20T12:20:04+00:00","breadcrumb":{"@id":"https:\/\/smartcobotix.com\/#breadcrumb"},"inLanguage":"de","potentialAction":[{"@type":"ReadAction","target":["https:\/\/smartcobotix.com\/"]}]},{"@type":"ImageObject","inLanguage":"de","@id":"https:\/\/smartcobotix.com\/#primaryimage","url":"https:\/\/smartcobotix.com\/wp-content\/uploads\/2023\/04\/MFT-Rendern-2-1.png","contentUrl":"https:\/\/smartcobotix.com\/wp-content\/uploads\/2023\/04\/MFT-Rendern-2-1.png","width":1080,"height":1920},{"@type":"BreadcrumbList","@id":"https:\/\/smartcobotix.com\/#breadcrumb","itemListElement":[{"@type":"ListItem","position":1,"name":"Startseite","item":"https:\/\/smartcobotix.com\/"},{"@type":"ListItem","position":2,"name":"Home"}]},{"@type":"WebSite","@id":"https:\/\/smartcobotix.com\/#website","url":"https:\/\/smartcobotix.com\/","name":"Smart Cobotix GmbH","description":"Cobots | Integration | L\u00f6sungen | B2B- Onlineshop","publisher":{"@id":"https:\/\/smartcobotix.com\/#organization"},"potentialAction":[{"@type":"SearchAction","target":{"@type":"EntryPoint","urlTemplate":"https:\/\/smartcobotix.com\/?s={search_term_string}"},"query-input":"required name=search_term_string"}],"inLanguage":"de"},{"@type":"Organization","@id":"https:\/\/smartcobotix.com\/#organization","name":"Smart Cobotix GmbH","url":"https:\/\/smartcobotix.com\/","logo":{"@type":"ImageObject","inLanguage":"de","@id":"https:\/\/smartcobotix.com\/#\/schema\/logo\/image\/","url":"https:\/\/i0.wp.com\/smartcobotix.com\/wp-content\/uploads\/2021\/02\/cropped-Hintergrund_Linked_Inn.jpg?fit=1584%2C396&ssl=1","contentUrl":"https:\/\/i0.wp.com\/smartcobotix.com\/wp-content\/uploads\/2021\/02\/cropped-Hintergrund_Linked_Inn.jpg?fit=1584%2C396&ssl=1","width":1584,"height":396,"caption":"Smart Cobotix GmbH"},"image":{"@id":"https:\/\/smartcobotix.com\/#\/schema\/logo\/image\/"},"sameAs":["https:\/\/twitter.com\/gmbh_smart","https:\/\/de.linkedin.com\/company\/smart-cobotix-gmbh"]}]}},"_links":{"self":[{"href":"https:\/\/smartcobotix.com\/index.php?rest_route=\/wp\/v2\/pages\/661"}],"collection":[{"href":"https:\/\/smartcobotix.com\/index.php?rest_route=\/wp\/v2\/pages"}],"about":[{"href":"https:\/\/smartcobotix.com\/index.php?rest_route=\/wp\/v2\/types\/page"}],"author":[{"embeddable":true,"href":"https:\/\/smartcobotix.com\/index.php?rest_route=\/wp\/v2\/users\/3"}],"replies":[{"embeddable":true,"href":"https:\/\/smartcobotix.com\/index.php?rest_route=%2Fwp%2Fv2%2Fcomments&post=661"}],"version-history":[{"count":5,"href":"https:\/\/smartcobotix.com\/index.php?rest_route=\/wp\/v2\/pages\/661\/revisions"}],"predecessor-version":[{"id":1224,"href":"https:\/\/smartcobotix.com\/index.php?rest_route=\/wp\/v2\/pages\/661\/revisions\/1224"}],"wp:attachment":[{"href":"https:\/\/smartcobotix.com\/index.php?rest_route=%2Fwp%2Fv2%2Fmedia&parent=661"}],"curies":[{"name":"wp","href":"https:\/\/api.w.org\/{rel}","templated":true}]}}