{"id":116,"date":"2021-02-22T13:05:58","date_gmt":"2021-02-22T12:05:58","guid":{"rendered":"http:\/\/smartcobotix.com\/?page_id=116"},"modified":"2022-12-14T13:25:02","modified_gmt":"2022-12-14T12:25:02","slug":"ueber-uns","status":"publish","type":"page","link":"https:\/\/smartcobotix.com\/?page_id=116","title":{"rendered":"\u00dcber Uns"},"content":{"rendered":"<h1>Wer sind wir?<\/h1>\n<ul>\n<li>Integrator f\u00fcr kollaborative Robotik &amp; Steuerungstechnik<\/li>\n<li>Inhabergef\u00fchrt, Gesch\u00e4ftsf\u00fchrer Martin Deusing<\/li>\n<li>hervorgegangen aus der Fichter Maschinen West GmbH<\/li>\n<li>Gr\u00fcndung 2014<\/li>\n<li>Ausrichtung auf kollaborative Robotik seit 2017<\/li>\n<li>Namens\u00e4nderung in Smart Cobotix GmbH im Februar 2021<\/li>\n<\/ul>\n<h2>Unser Team<\/h2>\n<p>Wir sind ein schlankes Team mit starken Partnerschaften, unsere Kernkompetenzen sind in den folgenden Bereichen verankert:<\/p>\n<ul>\n<li>Projektierung, Projektplanung &amp; -steuerung<\/li>\n<li>Elektroplanung<\/li>\n<li>SPS- &amp; Roboterprogrammierung<\/li>\n<li>Inbetriebnahme &amp; Service<\/li>\n<\/ul>\n<p>Mit unseren Partnern arbeiten wir in den folgenden Bereichen zusammen:<\/p>\n<ul>\n<li>mechanische Konstruktion<\/li>\n<li>Schaltschrankbau<\/li>\n<li>Fertigung &amp; Montage<\/li>\n<li>Risikobewertung &amp; Konformit\u00e4tserkl\u00e4rung<\/li>\n<\/ul>\n","protected":false},"excerpt":{"rendered":"<p>Wer sind wir? Integrator f\u00fcr kollaborative Robotik &amp; Steuerungstechnik Inhabergef\u00fchrt, Gesch\u00e4ftsf\u00fchrer Martin Deusing hervorgegangen aus der Fichter Maschinen West GmbH Gr\u00fcndung 2014 Ausrichtung auf kollaborative Robotik seit 2017 Namens\u00e4nderung in Smart Cobotix GmbH im Februar 2021 Unser Team Wir sind ein schlankes Team mit starken Partnerschaften, unsere Kernkompetenzen sind in [&hellip;]<\/p>\n","protected":false},"author":10,"featured_media":0,"parent":0,"menu_order":0,"comment_status":"closed","ping_status":"closed","template":"page-templates\/template-fullwidth.php","meta":{"footnotes":""},"yoast_head":"<!-- This site is optimized with the Yoast SEO plugin v22.3 - https:\/\/yoast.com\/wordpress\/plugins\/seo\/ -->\r\n<title>\u00dcber Uns - Smart Cobotix GmbH<\/title>\r\n<meta name=\"robots\" content=\"index, follow, max-snippet:-1, max-image-preview:large, max-video-preview:-1\" \/>\r\n<link rel=\"canonical\" href=\"https:\/\/smartcobotix.com\/?page_id=116\" \/>\r\n<meta property=\"og:locale\" content=\"de_DE\" \/>\r\n<meta property=\"og:type\" content=\"article\" \/>\r\n<meta property=\"og:title\" content=\"\u00dcber Uns - Smart Cobotix GmbH\" \/>\r\n<meta property=\"og:description\" content=\"Wer sind wir? Integrator f\u00fcr kollaborative Robotik &amp; Steuerungstechnik Inhabergef\u00fchrt, Gesch\u00e4ftsf\u00fchrer Martin Deusing hervorgegangen aus der Fichter Maschinen West GmbH Gr\u00fcndung 2014 Ausrichtung auf kollaborative Robotik seit 2017 Namens\u00e4nderung in Smart Cobotix GmbH im Februar 2021 Unser Team Wir sind ein schlankes Team mit starken Partnerschaften, unsere Kernkompetenzen sind in [&hellip;]\" \/>\r\n<meta property=\"og:url\" content=\"https:\/\/smartcobotix.com\/?page_id=116\" \/>\r\n<meta property=\"og:site_name\" content=\"Smart Cobotix GmbH\" \/>\r\n<meta property=\"article:modified_time\" content=\"2022-12-14T12:25:02+00:00\" \/>\r\n<meta name=\"twitter:card\" content=\"summary_large_image\" \/>\r\n<meta name=\"twitter:site\" content=\"@gmbh_smart\" \/>\r\n<script type=\"application\/ld+json\" class=\"yoast-schema-graph\">{\"@context\":\"https:\/\/schema.org\",\"@graph\":[{\"@type\":\"WebPage\",\"@id\":\"https:\/\/smartcobotix.com\/?page_id=116\",\"url\":\"https:\/\/smartcobotix.com\/?page_id=116\",\"name\":\"\u00dcber Uns - Smart Cobotix GmbH\",\"isPartOf\":{\"@id\":\"https:\/\/smartcobotix.com\/#website\"},\"datePublished\":\"2021-02-22T12:05:58+00:00\",\"dateModified\":\"2022-12-14T12:25:02+00:00\",\"breadcrumb\":{\"@id\":\"https:\/\/smartcobotix.com\/?page_id=116#breadcrumb\"},\"inLanguage\":\"de\",\"potentialAction\":[{\"@type\":\"ReadAction\",\"target\":[\"https:\/\/smartcobotix.com\/?page_id=116\"]}]},{\"@type\":\"BreadcrumbList\",\"@id\":\"https:\/\/smartcobotix.com\/?page_id=116#breadcrumb\",\"itemListElement\":[{\"@type\":\"ListItem\",\"position\":1,\"name\":\"Startseite\",\"item\":\"https:\/\/smartcobotix.com\/\"},{\"@type\":\"ListItem\",\"position\":2,\"name\":\"\u00dcber Uns\"}]},{\"@type\":\"WebSite\",\"@id\":\"https:\/\/smartcobotix.com\/#website\",\"url\":\"https:\/\/smartcobotix.com\/\",\"name\":\"Smart Cobotix GmbH\",\"description\":\"Cobots | Integration | L\u00f6sungen | B2B- Onlineshop\",\"publisher\":{\"@id\":\"https:\/\/smartcobotix.com\/#organization\"},\"potentialAction\":[{\"@type\":\"SearchAction\",\"target\":{\"@type\":\"EntryPoint\",\"urlTemplate\":\"https:\/\/smartcobotix.com\/?s={search_term_string}\"},\"query-input\":\"required name=search_term_string\"}],\"inLanguage\":\"de\"},{\"@type\":\"Organization\",\"@id\":\"https:\/\/smartcobotix.com\/#organization\",\"name\":\"Smart Cobotix GmbH\",\"url\":\"https:\/\/smartcobotix.com\/\",\"logo\":{\"@type\":\"ImageObject\",\"inLanguage\":\"de\",\"@id\":\"https:\/\/smartcobotix.com\/#\/schema\/logo\/image\/\",\"url\":\"https:\/\/i0.wp.com\/smartcobotix.com\/wp-content\/uploads\/2021\/02\/cropped-Hintergrund_Linked_Inn.jpg?fit=1584%2C396&ssl=1\",\"contentUrl\":\"https:\/\/i0.wp.com\/smartcobotix.com\/wp-content\/uploads\/2021\/02\/cropped-Hintergrund_Linked_Inn.jpg?fit=1584%2C396&ssl=1\",\"width\":1584,\"height\":396,\"caption\":\"Smart Cobotix GmbH\"},\"image\":{\"@id\":\"https:\/\/smartcobotix.com\/#\/schema\/logo\/image\/\"},\"sameAs\":[\"https:\/\/twitter.com\/gmbh_smart\",\"https:\/\/de.linkedin.com\/company\/smart-cobotix-gmbh\"]}]}<\/script>\r\n<!-- \/ Yoast SEO plugin. -->","yoast_head_json":{"title":"\u00dcber Uns - Smart Cobotix GmbH","robots":{"index":"index","follow":"follow","max-snippet":"max-snippet:-1","max-image-preview":"max-image-preview:large","max-video-preview":"max-video-preview:-1"},"canonical":"https:\/\/smartcobotix.com\/?page_id=116","og_locale":"de_DE","og_type":"article","og_title":"\u00dcber Uns - Smart Cobotix GmbH","og_description":"Wer sind wir? Integrator f\u00fcr kollaborative Robotik &amp; Steuerungstechnik Inhabergef\u00fchrt, Gesch\u00e4ftsf\u00fchrer Martin Deusing hervorgegangen aus der Fichter Maschinen West GmbH Gr\u00fcndung 2014 Ausrichtung auf kollaborative Robotik seit 2017 Namens\u00e4nderung in Smart Cobotix GmbH im Februar 2021 Unser Team Wir sind ein schlankes Team mit starken Partnerschaften, unsere Kernkompetenzen sind in [&hellip;]","og_url":"https:\/\/smartcobotix.com\/?page_id=116","og_site_name":"Smart Cobotix GmbH","article_modified_time":"2022-12-14T12:25:02+00:00","twitter_card":"summary_large_image","twitter_site":"@gmbh_smart","schema":{"@context":"https:\/\/schema.org","@graph":[{"@type":"WebPage","@id":"https:\/\/smartcobotix.com\/?page_id=116","url":"https:\/\/smartcobotix.com\/?page_id=116","name":"\u00dcber Uns - Smart Cobotix GmbH","isPartOf":{"@id":"https:\/\/smartcobotix.com\/#website"},"datePublished":"2021-02-22T12:05:58+00:00","dateModified":"2022-12-14T12:25:02+00:00","breadcrumb":{"@id":"https:\/\/smartcobotix.com\/?page_id=116#breadcrumb"},"inLanguage":"de","potentialAction":[{"@type":"ReadAction","target":["https:\/\/smartcobotix.com\/?page_id=116"]}]},{"@type":"BreadcrumbList","@id":"https:\/\/smartcobotix.com\/?page_id=116#breadcrumb","itemListElement":[{"@type":"ListItem","position":1,"name":"Startseite","item":"https:\/\/smartcobotix.com\/"},{"@type":"ListItem","position":2,"name":"\u00dcber Uns"}]},{"@type":"WebSite","@id":"https:\/\/smartcobotix.com\/#website","url":"https:\/\/smartcobotix.com\/","name":"Smart Cobotix GmbH","description":"Cobots | Integration | L\u00f6sungen | B2B- Onlineshop","publisher":{"@id":"https:\/\/smartcobotix.com\/#organization"},"potentialAction":[{"@type":"SearchAction","target":{"@type":"EntryPoint","urlTemplate":"https:\/\/smartcobotix.com\/?s={search_term_string}"},"query-input":"required name=search_term_string"}],"inLanguage":"de"},{"@type":"Organization","@id":"https:\/\/smartcobotix.com\/#organization","name":"Smart Cobotix GmbH","url":"https:\/\/smartcobotix.com\/","logo":{"@type":"ImageObject","inLanguage":"de","@id":"https:\/\/smartcobotix.com\/#\/schema\/logo\/image\/","url":"https:\/\/i0.wp.com\/smartcobotix.com\/wp-content\/uploads\/2021\/02\/cropped-Hintergrund_Linked_Inn.jpg?fit=1584%2C396&ssl=1","contentUrl":"https:\/\/i0.wp.com\/smartcobotix.com\/wp-content\/uploads\/2021\/02\/cropped-Hintergrund_Linked_Inn.jpg?fit=1584%2C396&ssl=1","width":1584,"height":396,"caption":"Smart Cobotix GmbH"},"image":{"@id":"https:\/\/smartcobotix.com\/#\/schema\/logo\/image\/"},"sameAs":["https:\/\/twitter.com\/gmbh_smart","https:\/\/de.linkedin.com\/company\/smart-cobotix-gmbh"]}]}},"_links":{"self":[{"href":"https:\/\/smartcobotix.com\/index.php?rest_route=\/wp\/v2\/pages\/116"}],"collection":[{"href":"https:\/\/smartcobotix.com\/index.php?rest_route=\/wp\/v2\/pages"}],"about":[{"href":"https:\/\/smartcobotix.com\/index.php?rest_route=\/wp\/v2\/types\/page"}],"author":[{"embeddable":true,"href":"https:\/\/smartcobotix.com\/index.php?rest_route=\/wp\/v2\/users\/10"}],"replies":[{"embeddable":true,"href":"https:\/\/smartcobotix.com\/index.php?rest_route=%2Fwp%2Fv2%2Fcomments&post=116"}],"version-history":[{"count":1,"href":"https:\/\/smartcobotix.com\/index.php?rest_route=\/wp\/v2\/pages\/116\/revisions"}],"predecessor-version":[{"id":544,"href":"https:\/\/smartcobotix.com\/index.php?rest_route=\/wp\/v2\/pages\/116\/revisions\/544"}],"wp:attachment":[{"href":"https:\/\/smartcobotix.com\/index.php?rest_route=%2Fwp%2Fv2%2Fmedia&parent=116"}],"curies":[{"name":"wp","href":"https:\/\/api.w.org\/{rel}","templated":true}]}}